{"id":1361,"date":"2025-02-05T15:37:24","date_gmt":"2025-02-05T15:37:24","guid":{"rendered":"https:\/\/www.openiaso.com\/?page_id=1361"},"modified":"2025-02-05T15:47:04","modified_gmt":"2025-02-05T15:47:04","slug":"travailler-avec-bluesquare","status":"publish","type":"page","link":"https:\/\/www.openiaso.com\/fr\/doc-code\/travailler-avec-bluesquare\/","title":{"rendered":"Travailler avec Bluesquare"},"content":{"rendered":"<p>Principes fondamentaux appliqu\u00e9s par Bluesquare dans les impl\u00e9mentations personnalis\u00e9es d&#8217;IASO avec ses partenaires.<\/p>\n<h3>M\u00e9thodologie agile<\/h3>\n<p>L\u2019impl\u00e9mentation d\u2019IASO par Bluesquare suit une m\u00e9thodologie agile, garantissant une communication continue avec nos clients et partenaires. Notre approche repose sur la cr\u00e9ation d\u2019une feuille de route projet, incluant un calendrier des livrables et l\u2019identification des d\u00e9pendances externes, telles que l\u2019int\u00e9gration avec des syst\u00e8mes tiers (par ex. DHIS2). Notre \u00e9quipe flexible adapte les plans de travail et les livrables en fonction de l\u2019\u00e9volution des contextes, qu\u2019il s\u2019agisse de la digitalisation des campagnes de sant\u00e9, de la mise en place d\u2019un g\u00e9oregistre ou d\u2019autres cas d\u2019usage. Cela garantit qu\u2019IASO reste r\u00e9actif et efficace pour r\u00e9pondre aux besoins changeants de nos partenaires.<\/p>\n<p>Le d\u00e9veloppement d\u2019IASO suit un processus d\u2019am\u00e9lioration continue \u00e0 travers des it\u00e9rations, garantissant un d\u00e9ploiement progressif et structur\u00e9. En int\u00e9grant du feedback utilisateur \u00e0 chaque \u00e9tape, nous nous assurons que la solution \u00e9volue en fonction des besoins r\u00e9els du terrain.<\/p>\n<p>Bluesquare applique la m\u00e9thodologie SCRUM avec des sprints de deux semaines pour g\u00e9rer le d\u00e9veloppement d\u2019IASO. \u00c0 chaque sprint :<\/p>\n<ul>\n<li>Les livrables sont r\u00e9guli\u00e8rement discut\u00e9s pour prioriser les fonctionnalit\u00e9s les plus rentables.<\/li>\n<li>Les risques de retard sont identifi\u00e9s d\u00e8s les premi\u00e8res \u00e9tapes.<\/li>\n<li>Les fonctionnalit\u00e9s les plus impactantes sont d\u00e9velopp\u00e9es en premier pour optimiser l\u2019utilisation des ressources.<\/li>\n<li>Des r\u00e9unions de suivi permettent de lever les blocages et d\u2019assurer des cycles de d\u00e9veloppement fluides.<\/li>\n<li>Des mises \u00e0 jour r\u00e9guli\u00e8res sont partag\u00e9es avec les parties prenantes, garantissant la transparence et l\u2019alignement continu avec les objectifs du projet.<\/li>\n<\/ul>\n<p>IASO fait partie de l\u2019\u00e9cosyst\u00e8me open-source de Bluesquare. Gr\u00e2ce \u00e0 la m\u00e9thodologie agile, nous int\u00e9grons efficacement les retours des clients dans le d\u00e9veloppement d\u2019IASO, garantissant l\u2019ad\u00e9quation des fonctionnalit\u00e9s avec les besoins du terrain. Cette approche it\u00e9rative favorise la personnalisation et am\u00e9liore la performance ainsi que la productivit\u00e9 de la plateforme.<\/p>\n<h3>Engagement des utilisateurs et conception centr\u00e9e sur l\u2019utilisateur<\/h3>\n<p>Le processus de d\u00e9veloppement d\u2019IASO engage activement les utilisateurs et les parties prenantes cl\u00e9s afin d\u2019adopter une conception centr\u00e9e sur l\u2019utilisateur et les syst\u00e8mes centr\u00e9s sur les personnes. Cette approche permet de s\u2019assurer que les solutions r\u00e9pondent aux besoins concrets des agents de sant\u00e9, des gestionnaires de programme et des d\u00e9cideurs.<\/p>\n<p>Bluesquare int\u00e8gre l\u2019apport des utilisateurs via :<\/p>\n<ul>\n<li>Des ateliers de co-conception avec les partenaires de mise en \u0153uvre.<\/li>\n<li>Des sessions it\u00e9ratives de tests d\u2019acceptation utilisateur (UAT) pour valider les fonctionnalit\u00e9s avant le d\u00e9ploiement.<\/li>\n<\/ul>\n<p>Cette approche participative garantit qu\u2019IASO est non seulement techniquement robuste, mais aussi intuitif et align\u00e9 avec les flux de travail des syst\u00e8mes locaux.<\/p>\n<h3>Co-construction du projet<\/h3>\n<p>L\u2019approche de Bluesquare dans l\u2019impl\u00e9mentation d\u2019IASO repose sur un principe de co-construction, assurant une collaboration \u00e9troite avec les partenaires \u00e0 chaque \u00e9tape du projet. Ce principe a \u00e9t\u00e9 appliqu\u00e9 dans des initiatives de sant\u00e9 \u00e0 grande \u00e9chelle, notamment les campagnes de vaccination et la surveillance des maladies. Notre capacit\u00e9 d\u2019adaptation nous permet d\u2019\u00e9voluer dans des environnements de gouvernance complexes, allant des standards de donn\u00e9es de l\u2019OMS aux cadres de sant\u00e9 num\u00e9rique de l\u2019UNICEF. Bien que nous suivions des m\u00e9thodologies de conception \u00e9tablies, nous cherchons continuellement \u00e0 affiner l\u2019exp\u00e9rience utilisateur et restons ouverts \u00e0 des collaborations avec des experts en design.<\/p>\n<h3>Assurance qualit\u00e9 dans le d\u00e9veloppement d\u2019IASO<\/h3>\n<p>L\u2019assurance qualit\u00e9 est un \u00e9l\u00e9ment cl\u00e9 du d\u00e9veloppement d\u2019IASO et repose sur :<\/p>\n<ul>\n<li><strong>D\u00e9veloppement pilot\u00e9 par les tests<\/strong>\u00a0: toutes les nouvelles fonctionnalit\u00e9s sont construites et valid\u00e9es \u00e0 travers des tests automatis\u00e9s avant leur d\u00e9ploiement.<\/li>\n<li><strong>Documents de sp\u00e9cification et maquettes visuelles<\/strong> : permettant une compr\u00e9hension commune des fonctionnalit\u00e9s complexes avant le d\u00e9veloppement.<\/li>\n<li><strong>Tests automatis\u00e9s<\/strong> : \u00e9vitant les r\u00e9gressions sur les fonctionnalit\u00e9s existantes.<\/li>\n<li><strong>Tests d\u2019acceptation utilisateur (UAT)<\/strong> : impliquant les utilisateurs finaux dans la validation des nouvelles fonctionnalit\u00e9s pour garantir leur utilisabilit\u00e9 et leur ad\u00e9quation avec les besoins r\u00e9els.<\/li>\n<li><strong>Analyses automatis\u00e9es de s\u00e9curit\u00e9 et de qualit\u00e9<\/strong> : assurant des standards \u00e9lev\u00e9s dans le d\u00e9veloppement du code.<\/li>\n<li><strong>Tests manuels d\u2019assurance qualit\u00e9<\/strong> : r\u00e9alis\u00e9s sur chaque nouvelle fonctionnalit\u00e9 avant son d\u00e9ploiement.<\/li>\n<\/ul>\n<h3>M\u00e9canismes continus de retour d\u2019exp\u00e9rience utilisateur<\/h3>\n<p>Le d\u00e9veloppement d\u2019IASO inclut des m\u00e9canismes structur\u00e9s pour collecter et int\u00e9grer les retours d\u2019exp\u00e9rience utilisateur en vue d\u2019une am\u00e9lioration continue :<\/p>\n<ul>\n<li><strong>Ateliers p\u00e9riodiques avec les parties prenantes<\/strong> pour examiner les demandes de fonctionnalit\u00e9s et les am\u00e9liorations en mati\u00e8re d\u2019ergonomie.<\/li>\n<li><strong>Cycles de publication it\u00e9ratifs<\/strong> int\u00e9grant de nouvelles am\u00e9liorations bas\u00e9es sur les retours des utilisateurs dans chaque version.<\/li>\n<\/ul>\n<h3>Support et accompagnement<\/h3>\n<p>Les impl\u00e9mentations d\u2019IASO b\u00e9n\u00e9ficient d\u2019un support technique robuste assur\u00e9 par un point de contact d\u00e9di\u00e9, garantissant :<\/p>\n<ul>\n<li><strong>Pertinence technique<\/strong> : un soutien continu des experts internes pour assurer des standards techniques \u00e9lev\u00e9s et une r\u00e9solution rapide des probl\u00e8mes.<\/li>\n<li><strong>Allocation des ressources projet<\/strong> : une distribution adapt\u00e9e du personnel et des ressources pour r\u00e9pondre aux besoins du projet.<\/li>\n<li><strong>Assurance qualit\u00e9<\/strong> : des contr\u00f4les r\u00e9guliers pour garantir l\u2019alignement avec les attentes des clients.<\/li>\n<\/ul>\n<p>Les services de support IASO varient en fonction de la criticit\u00e9 des projets :<\/p>\n<ul>\n<li><strong>Les projets courants<\/strong> b\u00e9n\u00e9ficient d\u2019un service desk avec des temps de r\u00e9ponse inf\u00e9rieurs \u00e0 8 heures pendant les heures ouvr\u00e9es.<\/li>\n<li><strong>Un support technique et programmatique<\/strong> est disponible en anglais et en fran\u00e7ais, avec des langues suppl\u00e9mentaires couvertes par nos \u00e9quipes terrain.<\/li>\n<\/ul>\n<p>Bluesquare a accompagn\u00e9 des projets critiques n\u00e9cessitant une analyse quotidienne des donn\u00e9es pour une prise de d\u00e9cision rapide. Pour ces op\u00e9rations essentielles, le support en astreinte d\u2019IASO garantit que les solutions num\u00e9riques restent un levier d\u2019action et non un frein aux interventions de sant\u00e9 publique.<\/p>\n","protected":false},"excerpt":{"rendered":"<p>Principes fondamentaux appliqu\u00e9s par Bluesquare dans les impl\u00e9mentations personnalis\u00e9es d&#8217;IASO avec ses partenaires. M\u00e9thodologie agile L\u2019impl\u00e9mentation d\u2019IASO par Bluesquare suit une m\u00e9thodologie agile, garantissant une communication continue avec nos clients et partenaires. Notre approche repose sur la cr\u00e9ation d\u2019une feuille de route projet, incluant un calendrier des livrables et l\u2019identification des d\u00e9pendances externes, telles que [&hellip;]<\/p>\n","protected":false},"author":3,"featured_media":0,"parent":413,"menu_order":0,"comment_status":"closed","ping_status":"closed","template":"","meta":{"_acf_changed":false,"footnotes":""},"class_list":["post-1361","page","type-page","status-publish","hentry"],"acf":[],"yoast_head":"<!-- This site is optimized with the Yoast SEO plugin v27.1.1 - https:\/\/yoast.com\/product\/yoast-seo-wordpress\/ -->\n<title>Travailler avec Bluesquare - IASO<\/title>\n<meta name=\"robots\" content=\"index, follow, max-snippet:-1, max-image-preview:large, max-video-preview:-1\" \/>\n<link rel=\"canonical\" href=\"https:\/\/www.openiaso.com\/fr\/a-propos\/travailler-avec-bluesquare\/\" \/>\n<meta property=\"og:locale\" content=\"fr_FR\" \/>\n<meta property=\"og:type\" content=\"article\" \/>\n<meta property=\"og:title\" content=\"Travailler avec Bluesquare - IASO\" \/>\n<meta property=\"og:description\" content=\"Principes fondamentaux appliqu\u00e9s par Bluesquare dans les impl\u00e9mentations personnalis\u00e9es d&#8217;IASO avec ses partenaires. M\u00e9thodologie agile L\u2019impl\u00e9mentation d\u2019IASO par Bluesquare suit une m\u00e9thodologie agile, garantissant une communication continue avec nos clients et partenaires. Notre approche repose sur la cr\u00e9ation d\u2019une feuille de route projet, incluant un calendrier des livrables et l\u2019identification des d\u00e9pendances externes, telles que [&hellip;]\" \/>\n<meta property=\"og:url\" content=\"https:\/\/www.openiaso.com\/fr\/a-propos\/travailler-avec-bluesquare\/\" \/>\n<meta property=\"og:site_name\" content=\"IASO\" \/>\n<meta property=\"article:modified_time\" content=\"2025-02-05T15:47:04+00:00\" \/>\n<meta name=\"twitter:card\" content=\"summary_large_image\" \/>\n<meta name=\"twitter:label1\" content=\"Est. reading time\" \/>\n\t<meta name=\"twitter:data1\" content=\"4 minutes\" \/>\n<script type=\"application\/ld+json\" class=\"yoast-schema-graph\">{\"@context\":\"https:\/\/schema.org\",\"@graph\":[{\"@type\":\"WebPage\",\"@id\":\"https:\/\/www.openiaso.com\/fr\/a-propos\/travailler-avec-bluesquare\/\",\"url\":\"https:\/\/www.openiaso.com\/fr\/a-propos\/travailler-avec-bluesquare\/\",\"name\":\"Travailler avec Bluesquare - IASO\",\"isPartOf\":{\"@id\":\"https:\/\/www.openiaso.com\/#website\"},\"datePublished\":\"2025-02-05T15:37:24+00:00\",\"dateModified\":\"2025-02-05T15:47:04+00:00\",\"breadcrumb\":{\"@id\":\"https:\/\/www.openiaso.com\/fr\/a-propos\/travailler-avec-bluesquare\/#breadcrumb\"},\"inLanguage\":\"fr-FR\",\"potentialAction\":[{\"@type\":\"ReadAction\",\"target\":[\"https:\/\/www.openiaso.com\/fr\/a-propos\/travailler-avec-bluesquare\/\"]}]},{\"@type\":\"BreadcrumbList\",\"@id\":\"https:\/\/www.openiaso.com\/fr\/a-propos\/travailler-avec-bluesquare\/#breadcrumb\",\"itemListElement\":[{\"@type\":\"ListItem\",\"position\":1,\"name\":\"Home\",\"item\":\"https:\/\/www.openiaso.com\/fr\/\"},{\"@type\":\"ListItem\",\"position\":2,\"name\":\"A propos\",\"item\":\"https:\/\/www.openiaso.com\/fr\/a-propos\/\"},{\"@type\":\"ListItem\",\"position\":3,\"name\":\"Travailler avec Bluesquare\"}]},{\"@type\":\"WebSite\",\"@id\":\"https:\/\/www.openiaso.com\/#website\",\"url\":\"https:\/\/www.openiaso.com\/\",\"name\":\"Open IASO\",\"description\":\"Geo-Powered Data Collection &amp; Microplanning\",\"publisher\":{\"@id\":\"https:\/\/www.openiaso.com\/#organization\"},\"potentialAction\":[{\"@type\":\"SearchAction\",\"target\":{\"@type\":\"EntryPoint\",\"urlTemplate\":\"https:\/\/www.openiaso.com\/?s={search_term_string}\"},\"query-input\":{\"@type\":\"PropertyValueSpecification\",\"valueRequired\":true,\"valueName\":\"search_term_string\"}}],\"inLanguage\":\"fr-FR\"},{\"@type\":\"Organization\",\"@id\":\"https:\/\/www.openiaso.com\/#organization\",\"name\":\"Open IASO\",\"url\":\"https:\/\/www.openiaso.com\/\",\"logo\":{\"@type\":\"ImageObject\",\"inLanguage\":\"fr-FR\",\"@id\":\"https:\/\/www.openiaso.com\/#\/schema\/logo\/image\/\",\"url\":\"https:\/\/www.openiaso.com\/wp-content\/uploads\/2024\/08\/Logo-openiaso-picto.svg\",\"contentUrl\":\"https:\/\/www.openiaso.com\/wp-content\/uploads\/2024\/08\/Logo-openiaso-picto.svg\",\"width\":75,\"height\":36,\"caption\":\"Open IASO\"},\"image\":{\"@id\":\"https:\/\/www.openiaso.com\/#\/schema\/logo\/image\/\"}}]}<\/script>\n<!-- \/ Yoast SEO plugin. -->","yoast_head_json":{"title":"Travailler avec Bluesquare - IASO","robots":{"index":"index","follow":"follow","max-snippet":"max-snippet:-1","max-image-preview":"max-image-preview:large","max-video-preview":"max-video-preview:-1"},"canonical":"https:\/\/www.openiaso.com\/fr\/a-propos\/travailler-avec-bluesquare\/","og_locale":"fr_FR","og_type":"article","og_title":"Travailler avec Bluesquare - IASO","og_description":"Principes fondamentaux appliqu\u00e9s par Bluesquare dans les impl\u00e9mentations personnalis\u00e9es d&#8217;IASO avec ses partenaires. M\u00e9thodologie agile L\u2019impl\u00e9mentation d\u2019IASO par Bluesquare suit une m\u00e9thodologie agile, garantissant une communication continue avec nos clients et partenaires. Notre approche repose sur la cr\u00e9ation d\u2019une feuille de route projet, incluant un calendrier des livrables et l\u2019identification des d\u00e9pendances externes, telles que [&hellip;]","og_url":"https:\/\/www.openiaso.com\/fr\/a-propos\/travailler-avec-bluesquare\/","og_site_name":"IASO","article_modified_time":"2025-02-05T15:47:04+00:00","twitter_card":"summary_large_image","twitter_misc":{"Est. reading time":"4 minutes"},"schema":{"@context":"https:\/\/schema.org","@graph":[{"@type":"WebPage","@id":"https:\/\/www.openiaso.com\/fr\/a-propos\/travailler-avec-bluesquare\/","url":"https:\/\/www.openiaso.com\/fr\/a-propos\/travailler-avec-bluesquare\/","name":"Travailler avec Bluesquare - IASO","isPartOf":{"@id":"https:\/\/www.openiaso.com\/#website"},"datePublished":"2025-02-05T15:37:24+00:00","dateModified":"2025-02-05T15:47:04+00:00","breadcrumb":{"@id":"https:\/\/www.openiaso.com\/fr\/a-propos\/travailler-avec-bluesquare\/#breadcrumb"},"inLanguage":"fr-FR","potentialAction":[{"@type":"ReadAction","target":["https:\/\/www.openiaso.com\/fr\/a-propos\/travailler-avec-bluesquare\/"]}]},{"@type":"BreadcrumbList","@id":"https:\/\/www.openiaso.com\/fr\/a-propos\/travailler-avec-bluesquare\/#breadcrumb","itemListElement":[{"@type":"ListItem","position":1,"name":"Home","item":"https:\/\/www.openiaso.com\/fr\/"},{"@type":"ListItem","position":2,"name":"A propos","item":"https:\/\/www.openiaso.com\/fr\/a-propos\/"},{"@type":"ListItem","position":3,"name":"Travailler avec Bluesquare"}]},{"@type":"WebSite","@id":"https:\/\/www.openiaso.com\/#website","url":"https:\/\/www.openiaso.com\/","name":"Open IASO","description":"Geo-Powered Data Collection &amp; Microplanning","publisher":{"@id":"https:\/\/www.openiaso.com\/#organization"},"potentialAction":[{"@type":"SearchAction","target":{"@type":"EntryPoint","urlTemplate":"https:\/\/www.openiaso.com\/?s={search_term_string}"},"query-input":{"@type":"PropertyValueSpecification","valueRequired":true,"valueName":"search_term_string"}}],"inLanguage":"fr-FR"},{"@type":"Organization","@id":"https:\/\/www.openiaso.com\/#organization","name":"Open IASO","url":"https:\/\/www.openiaso.com\/","logo":{"@type":"ImageObject","inLanguage":"fr-FR","@id":"https:\/\/www.openiaso.com\/#\/schema\/logo\/image\/","url":"https:\/\/www.openiaso.com\/wp-content\/uploads\/2024\/08\/Logo-openiaso-picto.svg","contentUrl":"https:\/\/www.openiaso.com\/wp-content\/uploads\/2024\/08\/Logo-openiaso-picto.svg","width":75,"height":36,"caption":"Open IASO"},"image":{"@id":"https:\/\/www.openiaso.com\/#\/schema\/logo\/image\/"}}]}},"_links":{"self":[{"href":"https:\/\/www.openiaso.com\/fr\/wp-json\/wp\/v2\/pages\/1361","targetHints":{"allow":["GET"]}}],"collection":[{"href":"https:\/\/www.openiaso.com\/fr\/wp-json\/wp\/v2\/pages"}],"about":[{"href":"https:\/\/www.openiaso.com\/fr\/wp-json\/wp\/v2\/types\/page"}],"author":[{"embeddable":true,"href":"https:\/\/www.openiaso.com\/fr\/wp-json\/wp\/v2\/users\/3"}],"replies":[{"embeddable":true,"href":"https:\/\/www.openiaso.com\/fr\/wp-json\/wp\/v2\/comments?post=1361"}],"version-history":[{"count":2,"href":"https:\/\/www.openiaso.com\/fr\/wp-json\/wp\/v2\/pages\/1361\/revisions"}],"predecessor-version":[{"id":1363,"href":"https:\/\/www.openiaso.com\/fr\/wp-json\/wp\/v2\/pages\/1361\/revisions\/1363"}],"up":[{"embeddable":true,"href":"https:\/\/www.openiaso.com\/fr\/wp-json\/wp\/v2\/pages\/413"}],"wp:attachment":[{"href":"https:\/\/www.openiaso.com\/fr\/wp-json\/wp\/v2\/media?parent=1361"}],"curies":[{"name":"wp","href":"https:\/\/api.w.org\/{rel}","templated":true}]}}