{"id":2465,"date":"2025-12-26T11:55:07","date_gmt":"2025-12-26T11:55:07","guid":{"rendered":"https:\/\/www.openiaso.com\/?page_id=2465"},"modified":"2026-02-24T14:44:33","modified_gmt":"2026-02-24T14:44:33","slug":"georegistre","status":"publish","type":"page","link":"https:\/\/www.openiaso.com\/fr\/a-propos\/georegistre\/","title":{"rendered":"G\u00e9oregistre"},"content":{"rendered":"<p data-start=\"182\" data-end=\"627\">IASO est une <strong>plateforme open source de g\u00e9or\u00e9f\u00e9rentiel<\/strong> et de <strong>gestion des donn\u00e9es g\u00e9ographiques<\/strong>, con\u00e7ue pour servir de r\u00e9f\u00e9rence fiable pour les entit\u00e9s g\u00e9ographiques li\u00e9es \u00e0 la sant\u00e9. Elle permet la cr\u00e9ation, la maintenance et la gouvernance des limites administratives, des formations sanitaires, des villages et d\u2019autres unit\u00e9s op\u00e9rationnelles qui constituent l\u2019ossature des syst\u00e8mes d\u2019information sanitaire et des op\u00e9rations de sant\u00e9 publique.<\/p>\n<p data-start=\"629\" data-end=\"794\">IASO est l\u2019<strong>outil officiel de g\u00e9or\u00e9f\u00e9rentiel<\/strong> du <a href=\"http:\/\/sante.gov.bf\/accueil\">minist\u00e8re de la Sant\u00e9 au Burkina Faso<\/a>, o\u00f9 il est utilis\u00e9 pour g\u00e9rer et maintenir le g\u00e9or\u00e9f\u00e9rentiel sanitaire national.<\/p>\n<p data-start=\"796\" data-end=\"1386\">Au-del\u00e0 de ce d\u00e9ploiement national, IASO a \u00e9t\u00e9 utilis\u00e9 (et continue de l\u2019\u00eatre) dans des <strong>projets de cartographie des formations sanitaires<\/strong> et de <strong>gestion de donn\u00e9es g\u00e9ographiques \u00e0 grande \u00e9chelle<\/strong> en R\u00e9publique d\u00e9mocratique du Congo, au Niger, au Cameroun et au B\u00e9nin. Dans ces contextes, IASO soutient la maintenance \u00e0 long terme des registres de formations sanitaires et des limites administratives, au-del\u00e0 d\u2019exercices de cartographie ponctuels, garantissant que les donn\u00e9es g\u00e9ographiques restent exploitables pour les syst\u00e8mes de routine, les campagnes et les activit\u00e9s de planification.<\/p>\n<figure id=\"attachment_1686\" aria-describedby=\"caption-attachment-1686\" style=\"width: 434px\" class=\"wp-caption aligncenter\"><img decoding=\"async\" class=\"wp-image-1686 lazyload\" data-src=\"https:\/\/www.openiaso.com\/wp-content\/uploads\/2025\/05\/Screenshot-2025-05-08-151629-300x285.png\" alt=\"\" width=\"434\" height=\"412\" data-srcset=\"https:\/\/www.openiaso.com\/wp-content\/uploads\/2025\/05\/Screenshot-2025-05-08-151629-300x285.png 300w, https:\/\/www.openiaso.com\/wp-content\/uploads\/2025\/05\/Screenshot-2025-05-08-151629.png 696w\" data-sizes=\"(max-width: 434px) 100vw, 434px\" src=\"data:image\/svg+xml;base64,PHN2ZyB3aWR0aD0iMSIgaGVpZ2h0PSIxIiB4bWxucz0iaHR0cDovL3d3dy53My5vcmcvMjAwMC9zdmciPjwvc3ZnPg==\" style=\"--smush-placeholder-width: 434px; --smush-placeholder-aspect-ratio: 434\/412;\" \/><figcaption id=\"caption-attachment-1686\" class=\"wp-caption-text\"><em>Carte des formations sanitaires de la R\u00e9publique D\u00e9mocratique du Congo<\/em><\/figcaption><\/figure>\n<h2 data-start=\"1393\" data-end=\"1454\">Un logiciel de r\u00e9f\u00e9rence pour des donn\u00e9es g\u00e9ographiques structur\u00e9es<\/h2>\n<p data-start=\"1456\" data-end=\"1847\">IASO permet aux pays et aux programmes de construire et de maintenir une r\u00e9f\u00e9rence g\u00e9ographique unique et faisant autorit\u00e9, tout en tenant compte de la r\u00e9alit\u00e9 de <strong>sources de donn\u00e9es fragment\u00e9es et \u00e9volutives<\/strong>. Plusieurs <strong>jeux de donn\u00e9es<\/strong> (provenant de diff\u00e9rentes institutions, projets ou p\u00e9riodes) peuvent \u00eatre import\u00e9s, compar\u00e9s, rapproch\u00e9s et consolid\u00e9s au sein d\u2019un registre de r\u00e9f\u00e9rence.<\/p>\n<p data-start=\"1849\" data-end=\"2064\">Des m\u00e9canismes de versioning garantissent une tra\u00e7abilit\u00e9 compl\u00e8te des \u00e9volutions dans le temps, permettant de comprendre comment les structures g\u00e9ographiques \u00e9voluent et comment interpr\u00e9ter les donn\u00e9es historiques.<\/p>\n<p data-start=\"2066\" data-end=\"2417\">La plateforme est con\u00e7ue pour <strong>g\u00e9rer des hi\u00e9rarchies complexes et des mises \u00e0 jour fr\u00e9quentes,<\/strong> notamment les changements de limites, l\u2019ouverture ou la fermeture de formations sanitaires et les r\u00e9organisations administratives. Cela rend IASO particuli\u00e8rement adapt\u00e9 aux <strong>g\u00e9or\u00e9f\u00e9rentiels nationaux<\/strong> qui doivent rester pr\u00e9cis et coh\u00e9rents sur le long terme.<\/p>\n<figure id=\"attachment_1805\" aria-describedby=\"caption-attachment-1805\" style=\"width: 660px\" class=\"wp-caption aligncenter\"><img decoding=\"async\" class=\"wp-image-1805 lazyload\" data-src=\"https:\/\/www.openiaso.com\/wp-content\/uploads\/2025\/06\/DHIS2-IASO-complementarities-300x155.png\" alt=\"\" width=\"660\" height=\"341\" data-srcset=\"https:\/\/www.openiaso.com\/wp-content\/uploads\/2025\/06\/DHIS2-IASO-complementarities-300x155.png 300w, https:\/\/www.openiaso.com\/wp-content\/uploads\/2025\/06\/DHIS2-IASO-complementarities-1024x530.png 1024w, https:\/\/www.openiaso.com\/wp-content\/uploads\/2025\/06\/DHIS2-IASO-complementarities-768x397.png 768w, https:\/\/www.openiaso.com\/wp-content\/uploads\/2025\/06\/DHIS2-IASO-complementarities-1536x795.png 1536w, https:\/\/www.openiaso.com\/wp-content\/uploads\/2025\/06\/DHIS2-IASO-complementarities.png 1600w\" data-sizes=\"(max-width: 660px) 100vw, 660px\" src=\"data:image\/svg+xml;base64,PHN2ZyB3aWR0aD0iMSIgaGVpZ2h0PSIxIiB4bWxucz0iaHR0cDovL3d3dy53My5vcmcvMjAwMC9zdmciPjwvc3ZnPg==\" style=\"--smush-placeholder-width: 660px; --smush-placeholder-aspect-ratio: 660\/341;\" \/><figcaption id=\"caption-attachment-1805\" class=\"wp-caption-text\"><em>Sch\u00e9ma repr\u00e9sentant la possibilit\u00e9 dans IASO de r\u00e9concilier plusieurs sources de donn\u00e9es, et d&#8217;actualiser les donn\u00e9es gr\u00e2ce \u00e0 l&#8217;envoi de donn\u00e9es du terrain qui seront valid\u00e9es<\/em><\/figcaption><\/figure>\n<h2 data-start=\"2424\" data-end=\"2522\">Des flux de travail du terrain au niveau central pour la maintenance des donn\u00e9es g\u00e9ographiques<\/h2>\n<p data-start=\"2524\" data-end=\"2896\">IASO prend en charge des flux de travail complets pour la <strong>maintenance des donn\u00e9es g\u00e9ographiques<\/strong>, depuis la <a href=\"https:\/\/www.openiaso.com\/fr\/collecte-traitement-donnees-reussite-campagne-cps\/\"><strong>collecte de donn\u00e9es locale<\/strong><\/a> jusqu\u2019\u00e0 la validation centrale. Les \u00e9quipes de terrain et les autorit\u00e9s locales peuvent soumettre des mises \u00e0 jour \u00e0 l\u2019aide d\u2019<strong>outils de collecte mobile<\/strong>, y compris des demandes de cr\u00e9ation, de modification ou de d\u00e9sactivation d\u2019entit\u00e9s g\u00e9ographiques. Ces soumissions sont examin\u00e9es \u00e0 travers des workflows de validation structur\u00e9s, garantissant que les changements sont v\u00e9rifi\u00e9s avant d\u2019\u00eatre int\u00e9gr\u00e9s au registre officiel.<\/p>\n<p data-start=\"3071\" data-end=\"3429\">Cette approche renforce l\u2019appropriation des donn\u00e9es au niveau local tout en pr\u00e9servant une supervision nationale et la <strong>qualit\u00e9 des donn\u00e9es<\/strong>. Les responsables de programmes disposent d\u2019une visibilit\u00e9 sur les mises \u00e0 jour en attente, la compl\u00e9tude des donn\u00e9es et la couverture g\u00e9ographique, ce qui permet de prioriser les actions correctives lorsque n\u00e9cessaire.<\/p>\n<figure id=\"attachment_2450\" aria-describedby=\"caption-attachment-2450\" style=\"width: 526px\" class=\"wp-caption aligncenter\"><img decoding=\"async\" class=\"wp-image-2450 lazyload\" data-src=\"https:\/\/www.openiaso.com\/wp-content\/uploads\/2025\/12\/Screenshot-2025-07-01-122709-300x230.png\" alt=\"\" width=\"526\" height=\"403\" data-srcset=\"https:\/\/www.openiaso.com\/wp-content\/uploads\/2025\/12\/Screenshot-2025-07-01-122709-300x230.png 300w, https:\/\/www.openiaso.com\/wp-content\/uploads\/2025\/12\/Screenshot-2025-07-01-122709-768x589.png 768w, https:\/\/www.openiaso.com\/wp-content\/uploads\/2025\/12\/Screenshot-2025-07-01-122709.png 836w\" data-sizes=\"(max-width: 526px) 100vw, 526px\" src=\"data:image\/svg+xml;base64,PHN2ZyB3aWR0aD0iMSIgaGVpZ2h0PSIxIiB4bWxucz0iaHR0cDovL3d3dy53My5vcmcvMjAwMC9zdmciPjwvc3ZnPg==\" style=\"--smush-placeholder-width: 526px; --smush-placeholder-aspect-ratio: 526\/403;\" \/><figcaption id=\"caption-attachment-2450\" class=\"wp-caption-text\"><em>Carte sanitaire du Cameroun<\/em><\/figcaption><\/figure>\n<h2 data-start=\"3436\" data-end=\"3466\">Con\u00e7u pour compl\u00e9ter DHIS2<\/h2>\n<p data-start=\"3468\" data-end=\"3788\">IASO ne remplace pas les syst\u00e8mes d\u2019information sanitaire de routine, mais constitue une infrastructure g\u00e9ospatiale compl\u00e9mentaire. L\u00e0 o\u00f9 <a href=\"https:\/\/www.bluesquarehub.com\/fr\/produits\/abonnements-aux-services\/dhis2\/\" target=\"_blank\" rel=\"noopener\"><strong>DHIS2<\/strong><\/a> se concentre sur la collecte, l\u2019agr\u00e9gation et l\u2019analyse des donn\u00e9es de sant\u00e9, IASO est sp\u00e9cialis\u00e9 dans la <strong>gestion des entit\u00e9s g\u00e9ographiques<\/strong> sur lesquelles reposent ces donn\u00e9es.<\/p>\n<p data-start=\"3790\" data-end=\"3992\">IASO permet l\u2019\u00e9dition directe des entit\u00e9s g\u00e9ographiques, la gestion parall\u00e8le de plusieurs jeux de donn\u00e9es sources et la <strong>r\u00e9alisation d\u2019op\u00e9rations g\u00e9ospatiales avanc\u00e9es<\/strong> qui sortent du p\u00e9rim\u00e8tre de DHIS2.<\/p>\n<p data-start=\"3994\" data-end=\"4297\">Des m\u00e9canismes d\u2019interop\u00e9rabilit\u00e9 int\u00e9gr\u00e9s permettent la synchronisation des hi\u00e9rarchies organisationnelles et des r\u00e9f\u00e9rences g\u00e9ographiques avec des instances DHIS2, garantissant la coh\u00e9rence entre les syst\u00e8mes tout en laissant \u00e0 chaque plateforme la possibilit\u00e9 de se concentrer sur son c\u0153ur de m\u00e9tier.<\/p>\n<h2 data-start=\"4304\" data-end=\"4366\">Une base pour la planification, les campagnes et l\u2019analyse<\/h2>\n<p data-start=\"4368\" data-end=\"4621\">En fournissant une infrastructure g\u00e9ographique partag\u00e9e et fiable, IASO permet une <strong>microplanification<\/strong> plus pr\u00e9cise, une meilleure <strong>int\u00e9gration des donn\u00e9es entre syst\u00e8mes<\/strong> et une analyse am\u00e9lior\u00e9e de la couverture et de la prestation des services de sant\u00e9.<\/p>\n<p data-start=\"4623\" data-end=\"4855\">Qu\u2019il soit utilis\u00e9 pour les syst\u00e8mes de sant\u00e9 de routine, les enqu\u00eates ou les campagnes de vaccination, IASO contribue \u00e0 garantir que les d\u00e9cisions reposent sur une r\u00e9alit\u00e9 g\u00e9ographique exacte et \u00e0 jour ; et ce, jusqu\u2019au dernier kilom\u00e8tre.<\/p>\n","protected":false},"excerpt":{"rendered":"<p>IASO est une plateforme open source de g\u00e9or\u00e9f\u00e9rentiel et de gestion des donn\u00e9es g\u00e9ographiques, con\u00e7ue pour servir de r\u00e9f\u00e9rence fiable pour les entit\u00e9s g\u00e9ographiques li\u00e9es \u00e0 la sant\u00e9. Elle permet la cr\u00e9ation, la maintenance et la gouvernance des limites administratives, des formations sanitaires, des villages et d\u2019autres unit\u00e9s op\u00e9rationnelles qui constituent l\u2019ossature des syst\u00e8mes d\u2019information [&hellip;]<\/p>\n","protected":false},"author":3,"featured_media":0,"parent":392,"menu_order":0,"comment_status":"closed","ping_status":"closed","template":"","meta":{"_acf_changed":false,"footnotes":""},"class_list":["post-2465","page","type-page","status-publish","hentry"],"acf":[],"yoast_head":"<!-- This site is optimized with the Yoast SEO plugin v27.1.1 - https:\/\/yoast.com\/product\/yoast-seo-wordpress\/ -->\n<title>G\u00e9oregistre - IASO<\/title>\n<meta name=\"description\" content=\"IASO est une plateforme open source de g\u00e9or\u00e9f\u00e9rentiel et de gestion des donn\u00e9es g\u00e9ographiques, con\u00e7ue pour les entit\u00e9s li\u00e9es \u00e0 la sant\u00e9.\" \/>\n<meta name=\"robots\" content=\"index, follow, max-snippet:-1, max-image-preview:large, max-video-preview:-1\" \/>\n<link rel=\"canonical\" href=\"https:\/\/www.openiaso.com\/fr\/a-propos\/georegistre\/\" \/>\n<meta property=\"og:locale\" content=\"fr_FR\" \/>\n<meta property=\"og:type\" content=\"article\" \/>\n<meta property=\"og:title\" content=\"G\u00e9oregistre - IASO\" \/>\n<meta property=\"og:description\" content=\"IASO est une plateforme open source de g\u00e9or\u00e9f\u00e9rentiel et de gestion des donn\u00e9es g\u00e9ographiques, con\u00e7ue pour les entit\u00e9s li\u00e9es \u00e0 la sant\u00e9.\" \/>\n<meta property=\"og:url\" content=\"https:\/\/www.openiaso.com\/fr\/a-propos\/georegistre\/\" \/>\n<meta property=\"og:site_name\" content=\"IASO\" \/>\n<meta property=\"article:modified_time\" content=\"2026-02-24T14:44:33+00:00\" \/>\n<meta property=\"og:image\" content=\"https:\/\/www.openiaso.com\/wp-content\/uploads\/2025\/05\/Screenshot-2025-05-08-151629.png\" \/>\n\t<meta property=\"og:image:width\" content=\"696\" \/>\n\t<meta property=\"og:image:height\" content=\"661\" \/>\n\t<meta property=\"og:image:type\" content=\"image\/png\" \/>\n<meta name=\"twitter:card\" content=\"summary_large_image\" \/>\n<meta name=\"twitter:label1\" content=\"Est. reading time\" \/>\n\t<meta name=\"twitter:data1\" content=\"4 minutes\" \/>\n<script type=\"application\/ld+json\" class=\"yoast-schema-graph\">{\"@context\":\"https:\/\/schema.org\",\"@graph\":[{\"@type\":\"WebPage\",\"@id\":\"https:\/\/www.openiaso.com\/fr\/a-propos\/georegistre\/\",\"url\":\"https:\/\/www.openiaso.com\/fr\/a-propos\/georegistre\/\",\"name\":\"G\u00e9oregistre - IASO\",\"isPartOf\":{\"@id\":\"https:\/\/www.openiaso.com\/#website\"},\"primaryImageOfPage\":{\"@id\":\"https:\/\/www.openiaso.com\/fr\/a-propos\/georegistre\/#primaryimage\"},\"image\":{\"@id\":\"https:\/\/www.openiaso.com\/fr\/a-propos\/georegistre\/#primaryimage\"},\"thumbnailUrl\":\"https:\/\/www.openiaso.com\/wp-content\/uploads\/2025\/05\/Screenshot-2025-05-08-151629-300x285.png\",\"datePublished\":\"2025-12-26T11:55:07+00:00\",\"dateModified\":\"2026-02-24T14:44:33+00:00\",\"description\":\"IASO est une plateforme open source de g\u00e9or\u00e9f\u00e9rentiel et de gestion des donn\u00e9es g\u00e9ographiques, con\u00e7ue pour les entit\u00e9s li\u00e9es \u00e0 la sant\u00e9.\",\"breadcrumb\":{\"@id\":\"https:\/\/www.openiaso.com\/fr\/a-propos\/georegistre\/#breadcrumb\"},\"inLanguage\":\"fr-FR\",\"potentialAction\":[{\"@type\":\"ReadAction\",\"target\":[\"https:\/\/www.openiaso.com\/fr\/a-propos\/georegistre\/\"]}]},{\"@type\":\"ImageObject\",\"inLanguage\":\"fr-FR\",\"@id\":\"https:\/\/www.openiaso.com\/fr\/a-propos\/georegistre\/#primaryimage\",\"url\":\"https:\/\/www.openiaso.com\/wp-content\/uploads\/2025\/05\/Screenshot-2025-05-08-151629-300x285.png\",\"contentUrl\":\"https:\/\/www.openiaso.com\/wp-content\/uploads\/2025\/05\/Screenshot-2025-05-08-151629-300x285.png\"},{\"@type\":\"BreadcrumbList\",\"@id\":\"https:\/\/www.openiaso.com\/fr\/a-propos\/georegistre\/#breadcrumb\",\"itemListElement\":[{\"@type\":\"ListItem\",\"position\":1,\"name\":\"Home\",\"item\":\"https:\/\/www.openiaso.com\/fr\/\"},{\"@type\":\"ListItem\",\"position\":2,\"name\":\"A propos\",\"item\":\"https:\/\/www.openiaso.com\/fr\/a-propos\/\"},{\"@type\":\"ListItem\",\"position\":3,\"name\":\"G\u00e9oregistre\"}]},{\"@type\":\"WebSite\",\"@id\":\"https:\/\/www.openiaso.com\/#website\",\"url\":\"https:\/\/www.openiaso.com\/\",\"name\":\"Open IASO\",\"description\":\"Geo-Powered Data Collection &amp; Microplanning\",\"publisher\":{\"@id\":\"https:\/\/www.openiaso.com\/#organization\"},\"potentialAction\":[{\"@type\":\"SearchAction\",\"target\":{\"@type\":\"EntryPoint\",\"urlTemplate\":\"https:\/\/www.openiaso.com\/?s={search_term_string}\"},\"query-input\":{\"@type\":\"PropertyValueSpecification\",\"valueRequired\":true,\"valueName\":\"search_term_string\"}}],\"inLanguage\":\"fr-FR\"},{\"@type\":\"Organization\",\"@id\":\"https:\/\/www.openiaso.com\/#organization\",\"name\":\"Open IASO\",\"url\":\"https:\/\/www.openiaso.com\/\",\"logo\":{\"@type\":\"ImageObject\",\"inLanguage\":\"fr-FR\",\"@id\":\"https:\/\/www.openiaso.com\/#\/schema\/logo\/image\/\",\"url\":\"https:\/\/www.openiaso.com\/wp-content\/uploads\/2024\/08\/Logo-openiaso-picto.svg\",\"contentUrl\":\"https:\/\/www.openiaso.com\/wp-content\/uploads\/2024\/08\/Logo-openiaso-picto.svg\",\"width\":75,\"height\":36,\"caption\":\"Open IASO\"},\"image\":{\"@id\":\"https:\/\/www.openiaso.com\/#\/schema\/logo\/image\/\"}}]}<\/script>\n<!-- \/ Yoast SEO plugin. -->","yoast_head_json":{"title":"G\u00e9oregistre - IASO","description":"IASO est une plateforme open source de g\u00e9or\u00e9f\u00e9rentiel et de gestion des donn\u00e9es g\u00e9ographiques, con\u00e7ue pour les entit\u00e9s li\u00e9es \u00e0 la sant\u00e9.","robots":{"index":"index","follow":"follow","max-snippet":"max-snippet:-1","max-image-preview":"max-image-preview:large","max-video-preview":"max-video-preview:-1"},"canonical":"https:\/\/www.openiaso.com\/fr\/a-propos\/georegistre\/","og_locale":"fr_FR","og_type":"article","og_title":"G\u00e9oregistre - IASO","og_description":"IASO est une plateforme open source de g\u00e9or\u00e9f\u00e9rentiel et de gestion des donn\u00e9es g\u00e9ographiques, con\u00e7ue pour les entit\u00e9s li\u00e9es \u00e0 la sant\u00e9.","og_url":"https:\/\/www.openiaso.com\/fr\/a-propos\/georegistre\/","og_site_name":"IASO","article_modified_time":"2026-02-24T14:44:33+00:00","og_image":[{"width":696,"height":661,"url":"https:\/\/www.openiaso.com\/wp-content\/uploads\/2025\/05\/Screenshot-2025-05-08-151629.png","type":"image\/png"}],"twitter_card":"summary_large_image","twitter_misc":{"Est. reading time":"4 minutes"},"schema":{"@context":"https:\/\/schema.org","@graph":[{"@type":"WebPage","@id":"https:\/\/www.openiaso.com\/fr\/a-propos\/georegistre\/","url":"https:\/\/www.openiaso.com\/fr\/a-propos\/georegistre\/","name":"G\u00e9oregistre - IASO","isPartOf":{"@id":"https:\/\/www.openiaso.com\/#website"},"primaryImageOfPage":{"@id":"https:\/\/www.openiaso.com\/fr\/a-propos\/georegistre\/#primaryimage"},"image":{"@id":"https:\/\/www.openiaso.com\/fr\/a-propos\/georegistre\/#primaryimage"},"thumbnailUrl":"https:\/\/www.openiaso.com\/wp-content\/uploads\/2025\/05\/Screenshot-2025-05-08-151629-300x285.png","datePublished":"2025-12-26T11:55:07+00:00","dateModified":"2026-02-24T14:44:33+00:00","description":"IASO est une plateforme open source de g\u00e9or\u00e9f\u00e9rentiel et de gestion des donn\u00e9es g\u00e9ographiques, con\u00e7ue pour les entit\u00e9s li\u00e9es \u00e0 la sant\u00e9.","breadcrumb":{"@id":"https:\/\/www.openiaso.com\/fr\/a-propos\/georegistre\/#breadcrumb"},"inLanguage":"fr-FR","potentialAction":[{"@type":"ReadAction","target":["https:\/\/www.openiaso.com\/fr\/a-propos\/georegistre\/"]}]},{"@type":"ImageObject","inLanguage":"fr-FR","@id":"https:\/\/www.openiaso.com\/fr\/a-propos\/georegistre\/#primaryimage","url":"https:\/\/www.openiaso.com\/wp-content\/uploads\/2025\/05\/Screenshot-2025-05-08-151629-300x285.png","contentUrl":"https:\/\/www.openiaso.com\/wp-content\/uploads\/2025\/05\/Screenshot-2025-05-08-151629-300x285.png"},{"@type":"BreadcrumbList","@id":"https:\/\/www.openiaso.com\/fr\/a-propos\/georegistre\/#breadcrumb","itemListElement":[{"@type":"ListItem","position":1,"name":"Home","item":"https:\/\/www.openiaso.com\/fr\/"},{"@type":"ListItem","position":2,"name":"A propos","item":"https:\/\/www.openiaso.com\/fr\/a-propos\/"},{"@type":"ListItem","position":3,"name":"G\u00e9oregistre"}]},{"@type":"WebSite","@id":"https:\/\/www.openiaso.com\/#website","url":"https:\/\/www.openiaso.com\/","name":"Open IASO","description":"Geo-Powered Data Collection &amp; Microplanning","publisher":{"@id":"https:\/\/www.openiaso.com\/#organization"},"potentialAction":[{"@type":"SearchAction","target":{"@type":"EntryPoint","urlTemplate":"https:\/\/www.openiaso.com\/?s={search_term_string}"},"query-input":{"@type":"PropertyValueSpecification","valueRequired":true,"valueName":"search_term_string"}}],"inLanguage":"fr-FR"},{"@type":"Organization","@id":"https:\/\/www.openiaso.com\/#organization","name":"Open IASO","url":"https:\/\/www.openiaso.com\/","logo":{"@type":"ImageObject","inLanguage":"fr-FR","@id":"https:\/\/www.openiaso.com\/#\/schema\/logo\/image\/","url":"https:\/\/www.openiaso.com\/wp-content\/uploads\/2024\/08\/Logo-openiaso-picto.svg","contentUrl":"https:\/\/www.openiaso.com\/wp-content\/uploads\/2024\/08\/Logo-openiaso-picto.svg","width":75,"height":36,"caption":"Open IASO"},"image":{"@id":"https:\/\/www.openiaso.com\/#\/schema\/logo\/image\/"}}]}},"_links":{"self":[{"href":"https:\/\/www.openiaso.com\/fr\/wp-json\/wp\/v2\/pages\/2465","targetHints":{"allow":["GET"]}}],"collection":[{"href":"https:\/\/www.openiaso.com\/fr\/wp-json\/wp\/v2\/pages"}],"about":[{"href":"https:\/\/www.openiaso.com\/fr\/wp-json\/wp\/v2\/types\/page"}],"author":[{"embeddable":true,"href":"https:\/\/www.openiaso.com\/fr\/wp-json\/wp\/v2\/users\/3"}],"replies":[{"embeddable":true,"href":"https:\/\/www.openiaso.com\/fr\/wp-json\/wp\/v2\/comments?post=2465"}],"version-history":[{"count":4,"href":"https:\/\/www.openiaso.com\/fr\/wp-json\/wp\/v2\/pages\/2465\/revisions"}],"predecessor-version":[{"id":2629,"href":"https:\/\/www.openiaso.com\/fr\/wp-json\/wp\/v2\/pages\/2465\/revisions\/2629"}],"up":[{"embeddable":true,"href":"https:\/\/www.openiaso.com\/fr\/wp-json\/wp\/v2\/pages\/392"}],"wp:attachment":[{"href":"https:\/\/www.openiaso.com\/fr\/wp-json\/wp\/v2\/media?parent=2465"}],"curies":[{"name":"wp","href":"https:\/\/api.w.org\/{rel}","templated":true}]}}