{"id":2681,"date":"2026-02-25T14:14:44","date_gmt":"2026-02-25T14:14:44","guid":{"rendered":"https:\/\/www.openiaso.com\/?page_id=2681"},"modified":"2026-02-25T14:17:03","modified_gmt":"2026-02-25T14:17:03","slug":"tracabilite-des-donnees-geospatiales","status":"publish","type":"page","link":"https:\/\/www.openiaso.com\/fr\/a-propos\/tracabilite-des-donnees-geospatiales\/","title":{"rendered":"Tra\u00e7abilit\u00e9 des donn\u00e9es g\u00e9ospatiales"},"content":{"rendered":"<p><span style=\"font-weight: 400;\">Dans l\u2019\u00e9conomie mondiale actuelle, la capacit\u00e9 \u00e0 prouver l\u2019origine d\u2019un produit n\u2019est plus un luxe \u2014 c\u2019est une exigence fondamentale pour acc\u00e9der aux march\u00e9s et gagner la confiance des consommateurs. Qu\u2019il s\u2019agisse d\u2019un lot de caf\u00e9 cultiv\u00e9 durablement ou d\u2019une parcelle destin\u00e9e \u00e0 la s\u00e9questration carbone, la tra\u00e7abilit\u00e9 des donn\u00e9es garantit que chaque maillon de la cha\u00eene d\u2019approvisionnement est document\u00e9 et v\u00e9rifiable. <\/span><a href=\"https:\/\/www.openiaso.com\/fr\/\"><span style=\"font-weight: 400;\">IASO<\/span><\/a><span style=\"font-weight: 400;\"> propose une solution robuste et open source qui comble le foss\u00e9 entre les activit\u00e9s de terrain et les registres num\u00e9riques, en permettant la remont\u00e9e des donn\u00e9es m\u00eame dans les zones les plus recul\u00e9es sans connectivit\u00e9. Elle permet aux organisations d\u2019optimiser leurs op\u00e9rations tout en respectant les standards les plus \u00e9lev\u00e9s de transparence et de durabilit\u00e9.<\/span><\/p>\n<p><img decoding=\"async\" class=\"wp-image-2385 alignnone lazyload\" data-src=\"https:\/\/www.openiaso.com\/wp-content\/uploads\/2025\/11\/IASO-mapping-farms.png\" alt=\"Farm mapping in Burkina Faso\" width=\"600\" height=\"375\" data-srcset=\"https:\/\/www.openiaso.com\/wp-content\/uploads\/2025\/11\/IASO-mapping-farms.png 1600w, https:\/\/www.openiaso.com\/wp-content\/uploads\/2025\/11\/IASO-mapping-farms-300x188.png 300w, https:\/\/www.openiaso.com\/wp-content\/uploads\/2025\/11\/IASO-mapping-farms-1024x640.png 1024w, https:\/\/www.openiaso.com\/wp-content\/uploads\/2025\/11\/IASO-mapping-farms-768x480.png 768w, https:\/\/www.openiaso.com\/wp-content\/uploads\/2025\/11\/IASO-mapping-farms-1536x960.png 1536w\" data-sizes=\"(max-width: 600px) 100vw, 600px\" src=\"data:image\/svg+xml;base64,PHN2ZyB3aWR0aD0iMSIgaGVpZ2h0PSIxIiB4bWxucz0iaHR0cDovL3d3dy53My5vcmcvMjAwMC9zdmciPjwvc3ZnPg==\" style=\"--smush-placeholder-width: 600px; --smush-placeholder-aspect-ratio: 600\/375;\" \/><\/p>\n<p><i><span style=\"font-weight: 400;\">Cartographie des exploitations au Burkina Faso<\/span><\/i><\/p>\n<h2><span style=\"font-weight: 400;\">Optimisation de la cha\u00eene d\u2019approvisionnement agricole et foresti\u00e8re<\/span><\/h2>\n<p><span style=\"font-weight: 400;\">Une <\/span><b>tra\u00e7abilit\u00e9 r\u00e9elle<\/b><span style=\"font-weight: 400;\"> commence par une <\/span><b>repr\u00e9sentation num\u00e9rique pr\u00e9cise des actifs physiques<\/b><span style=\"font-weight: 400;\">. IASO permet aux organisations d\u2019aller au-del\u00e0 des donn\u00e9es agr\u00e9g\u00e9es en suivant des \u00e9l\u00e9ments individuels tels que des arbres sp\u00e9cifiques, des parcelles agricoles ou des infrastructures. Cette <\/span><b>approche granulaire<\/b><span style=\"font-weight: 400;\"> aide \u00e0 identifier les inefficacit\u00e9s en temps r\u00e9el, \u00e0 r\u00e9duire les pertes et \u00e0 garantir le maintien de <\/span><b>standards de qualit\u00e9 \u00e9lev\u00e9s<\/b><span style=\"font-weight: 400;\"> tout au long de la <\/span><b>cha\u00eene de valeur<\/b><span style=\"font-weight: 400;\">.<\/span><\/p>\n<h3><span style=\"font-weight: 400;\">Gestion granulaire des actifs et suivi des parcelles<\/span><\/h3>\n<p><span style=\"font-weight: 400;\">La tra\u00e7abilit\u00e9 n\u2019est fiable que si les donn\u00e9es sources sont pr\u00e9cises. Les capacit\u00e9s avanc\u00e9es de <\/span><a href=\"https:\/\/www.openiaso.com\/fr\/5-fonctionnalites-georegistre-iaso-2\/\"><b>gestion des donn\u00e9es g\u00e9ospatiales<\/b><\/a><span style=\"font-weight: 400;\"> de IASO permettent de suivre les actifs physiques \u00e0 partir d\u2019un <\/span><b>g\u00e9or\u00e9f\u00e9rencement exact<\/b><span style=\"font-weight: 400;\">. Dans des secteurs comme la foresterie, cela signifie surveiller la croissance et la sant\u00e9 de chaque arbre sur plusieurs ann\u00e9es. Pour les coop\u00e9ratives agricoles, cela implique la cartographie pr\u00e9cise des parcelles de petits exploitants. En <\/span><a href=\"https:\/\/www.openiaso.com\/fr\/iaso-pour-la-cartographie-des-exploitations-agricoles-et-la-tracabilite-des-produits-agricoles\/\"><b>num\u00e9risant ces actifs<\/b><\/a><span style=\"font-weight: 400;\">, les gestionnaires peuvent automatiser les flux de suivi et s\u2019assurer que les indicateurs environnementaux d\u00e9clenchent imm\u00e9diatement les actions n\u00e9cessaires sur le terrain.<\/span><\/p>\n<p><img decoding=\"async\" class=\"wp-image-2674 size-full alignnone lazyload\" data-src=\"https:\/\/www.openiaso.com\/wp-content\/uploads\/2026\/02\/Entities-mapping.png\" alt=\"Management of entities based on geospatial referencing\" width=\"614\" height=\"468\" data-srcset=\"https:\/\/www.openiaso.com\/wp-content\/uploads\/2026\/02\/Entities-mapping.png 614w, https:\/\/www.openiaso.com\/wp-content\/uploads\/2026\/02\/Entities-mapping-300x229.png 300w\" data-sizes=\"(max-width: 614px) 100vw, 614px\" src=\"data:image\/svg+xml;base64,PHN2ZyB3aWR0aD0iMSIgaGVpZ2h0PSIxIiB4bWxucz0iaHR0cDovL3d3dy53My5vcmcvMjAwMC9zdmciPjwvc3ZnPg==\" style=\"--smush-placeholder-width: 614px; --smush-placeholder-aspect-ratio: 614\/468;\" \/><\/p>\n<p><i><span style=\"font-weight: 400;\">Gestion des entit\u00e9s bas\u00e9es sur un r\u00e9f\u00e9rencement g\u00e9ospatial<\/span><\/i><\/p>\n<h3><span style=\"font-weight: 400;\">Microplanification num\u00e9rique pour l\u2019excellence op\u00e9rationnelle<\/span><\/h3>\n<p><span style=\"font-weight: 400;\">La gestion d\u2019\u00e9quipes de terrain dans des zones agricoles ou foresti\u00e8res isol\u00e9es entra\u00eene souvent des probl\u00e8mes de coordination et des \u00ab donn\u00e9es fant\u00f4mes \u00bb. IASO r\u00e9pond \u00e0 ce d\u00e9fi gr\u00e2ce \u00e0 la <\/span><b>microplanification num\u00e9rique<\/b><span style=\"font-weight: 400;\">, qui remplace les enregistrements manuels dispers\u00e9s par une plateforme en temps r\u00e9el. Les gestionnaires peuvent attribuer des points g\u00e9ographiques \u00e0 des utilisateurs sp\u00e9cifiques afin d\u2019assurer une couverture compl\u00e8te d\u2019une zone cible. Ce niveau d\u2019organisation am\u00e9liore la productivit\u00e9 et cr\u00e9e une piste d\u2019audit infalsifiable indiquant qui a visit\u00e9 quel site et \u00e0 quel moment \u2014 un \u00e9l\u00e9ment essentiel pour les processus de certification.<\/span><\/p>\n<p><img decoding=\"async\" class=\"alignnone wp-image-2383 lazyload\" data-src=\"https:\/\/www.openiaso.com\/wp-content\/uploads\/2025\/11\/IASO-mapping-farms-2-135x300.png\" alt=\"\" width=\"300\" height=\"667\" data-srcset=\"https:\/\/www.openiaso.com\/wp-content\/uploads\/2025\/11\/IASO-mapping-farms-2-135x300.png 135w, https:\/\/www.openiaso.com\/wp-content\/uploads\/2025\/11\/IASO-mapping-farms-2-461x1024.png 461w, https:\/\/www.openiaso.com\/wp-content\/uploads\/2025\/11\/IASO-mapping-farms-2-691x1536.png 691w, https:\/\/www.openiaso.com\/wp-content\/uploads\/2025\/11\/IASO-mapping-farms-2.png 720w\" data-sizes=\"(max-width: 300px) 100vw, 300px\" src=\"data:image\/svg+xml;base64,PHN2ZyB3aWR0aD0iMSIgaGVpZ2h0PSIxIiB4bWxucz0iaHR0cDovL3d3dy53My5vcmcvMjAwMC9zdmciPjwvc3ZnPg==\" style=\"--smush-placeholder-width: 300px; --smush-placeholder-aspect-ratio: 300\/667;\" \/><\/p>\n<h2><span style=\"font-weight: 400;\">Renforcer la durabilit\u00e9 et la transparence ESG (Environnement, Social et Gouvernance)<\/span><\/h2>\n<p><span style=\"font-weight: 400;\">Pour les organisations engag\u00e9es dans l\u2019<\/span><b>impact environnemental<\/b><span style=\"font-weight: 400;\">, notamment dans la s\u00e9questration carbone ou la foresterie durable, la <\/span><b>tra\u00e7abilit\u00e9 des donn\u00e9es<\/b><span style=\"font-weight: 400;\"> est le fondement de leur cr\u00e9dibilit\u00e9. Prouver qu\u2019un cr\u00e9dit carbone correspond \u00e0 un arbre r\u00e9el et vivant exige un historique de donn\u00e9es transparent et v\u00e9rifiable. IASO facilite cela en cr\u00e9ant un lien permanent entre les <\/span><b>donn\u00e9es collect\u00e9es sur le terrain <\/b><span style=\"font-weight: 400;\">et les <\/span><b>plateformes analytiques centrales<\/b><span style=\"font-weight: 400;\">, garantissant que les d\u00e9clarations de durabilit\u00e9 reposent sur des preuves scientifiques.<\/span><\/p>\n<h3><span style=\"font-weight: 400;\">Combler les lacunes gr\u00e2ce aux capacit\u00e9s SIG hors ligne<\/span><\/h3>\n<p><span style=\"font-weight: 400;\">Le d\u00e9veloppement durable se d\u00e9ploie souvent dans des zones o\u00f9 la connectivit\u00e9 internet est limit\u00e9e ou inexistante. De nombreuses <\/span><b>plateformes SIG<\/b><span style=\"font-weight: 400;\"> (Syst\u00e8mes d\u2019Information G\u00e9ographique) traditionnelles rencontrent des difficult\u00e9s dans ces environnements, ce qui entra\u00eene retards et impr\u00e9cisions. IASO est sp\u00e9cifiquement con\u00e7u pour la r\u00e9alit\u00e9 du terrain et offre des capacit\u00e9s SIG hors ligne plus robustes que les <\/span><b>outils g\u00e9n\u00e9riques de collecte de donn\u00e9es<\/b><span style=\"font-weight: 400;\">. Les agents de terrain peuvent collecter des donn\u00e9es, naviguer sur des terrains complexes et enregistrer des observations hors ligne ; d\u00e8s qu\u2019une connexion est disponible, les informations sont synchronis\u00e9es avec un registre centralis\u00e9, garantissant un flux de donn\u00e9es continu et fiable, m\u00eame depuis les zones les plus recul\u00e9es.<\/span><\/p>\n<p><img decoding=\"async\" class=\"wp-image-2677 alignnone lazyload\" data-src=\"https:\/\/www.openiaso.com\/wp-content\/uploads\/2026\/02\/Accurate-parcels-300x189.png\" alt=\"Creating detailed and accurate parcels\" width=\"300\" height=\"189\" data-srcset=\"https:\/\/www.openiaso.com\/wp-content\/uploads\/2026\/02\/Accurate-parcels-300x189.png 300w, https:\/\/www.openiaso.com\/wp-content\/uploads\/2026\/02\/Accurate-parcels.png 650w\" data-sizes=\"(max-width: 300px) 100vw, 300px\" src=\"data:image\/svg+xml;base64,PHN2ZyB3aWR0aD0iMSIgaGVpZ2h0PSIxIiB4bWxucz0iaHR0cDovL3d3dy53My5vcmcvMjAwMC9zdmciPjwvc3ZnPg==\" style=\"--smush-placeholder-width: 300px; --smush-placeholder-aspect-ratio: 300\/189;\" \/><\/p>\n<p><i><span style=\"font-weight: 400;\">Cr\u00e9ation de parcelles d\u00e9taill\u00e9es et pr\u00e9cises<\/span><\/i><\/p>\n<h3><span style=\"font-weight: 400;\">Interop\u00e9rabilit\u00e9 et visualisation de l\u2019impact en temps r\u00e9el<\/span><\/h3>\n<p><span style=\"font-weight: 400;\">Les donn\u00e9es de tra\u00e7abilit\u00e9 ne doivent pas exister en vase clos. IASO privil\u00e9gie l\u2019<\/span><b>interop\u00e9rabilit\u00e9 <\/b><span style=\"font-weight: 400;\">et les standards ouverts, permettant une int\u00e9gration fluide avec les syst\u00e8mes existants ou des moteurs analytiques avanc\u00e9s tels que <\/span><a href=\"https:\/\/www.openhexa.com\/fr\/\"><span style=\"font-weight: 400;\">OpenHEXA<\/span><\/a><span style=\"font-weight: 400;\">. Cette connectivit\u00e9 permet de cr\u00e9er des tableaux de bord en temps r\u00e9el qui visualisent l\u2019impact environnemental et la <\/span><b>performance de la cha\u00eene d\u2019approvisionnement<\/b><span style=\"font-weight: 400;\">. Les organisations peuvent suivre des indicateurs cl\u00e9s (tels que les taux de reforestation ou la transparence de distribution) et rendre compte aux investisseurs et aux r\u00e9gulateurs en toute confiance.<\/span><\/p>\n<h2><span style=\"font-weight: 400;\">Impact d\u00e9montr\u00e9 dans la gestion de donn\u00e9es \u00e0 grande \u00e9chelle<\/span><\/h2>\n<p><span style=\"font-weight: 400;\">La capacit\u00e9 de IASO \u00e0 passer \u00e0 l\u2019\u00e9chelle est d\u00e9montr\u00e9e par son succ\u00e8s dans la gestion de volumes massifs de donn\u00e9es dans des environnements complexes. Par exemple, lors de campagnes de sant\u00e9 o\u00f9 le suivi individuel des b\u00e9n\u00e9ficiaires est crucial, la plateforme a permis l\u2019enregistrement de millions de m\u00e9nages. Cette m\u00eame rigueur technique est appliqu\u00e9e au suivi des actifs dans les secteurs agricole et environnemental, garantissant la <\/span><b>transparence des cha\u00eenes d\u2019approvisionnement <\/b><span style=\"font-weight: 400;\">les plus complexes. En renfor\u00e7ant les capacit\u00e9s des acteurs locaux gr\u00e2ce \u00e0 la formation et \u00e0 des outils durables, <\/span><a href=\"https:\/\/www.bluesquarehub.com\/fr\/\"><span style=\"font-weight: 400;\">Bluesquare<\/span><\/a><span style=\"font-weight: 400;\"> veille \u00e0 ce que la <\/span><b>tra\u00e7abilit\u00e9 des donn\u00e9es<\/b><span style=\"font-weight: 400;\"> devienne un atout strat\u00e9gique \u00e0 long terme pour les organisations nationales et priv\u00e9es.<\/span><\/p>\n","protected":false},"excerpt":{"rendered":"<p>Dans l\u2019\u00e9conomie mondiale actuelle, la capacit\u00e9 \u00e0 prouver l\u2019origine d\u2019un produit n\u2019est plus un luxe \u2014 c\u2019est une exigence fondamentale pour acc\u00e9der aux march\u00e9s et gagner la confiance des consommateurs. Qu\u2019il s\u2019agisse d\u2019un lot de caf\u00e9 cultiv\u00e9 durablement ou d\u2019une parcelle destin\u00e9e \u00e0 la s\u00e9questration carbone, la tra\u00e7abilit\u00e9 des donn\u00e9es garantit que chaque maillon de [&hellip;]<\/p>\n","protected":false},"author":10,"featured_media":0,"parent":392,"menu_order":0,"comment_status":"closed","ping_status":"closed","template":"","meta":{"_acf_changed":false,"footnotes":""},"class_list":["post-2681","page","type-page","status-publish","hentry"],"acf":[],"yoast_head":"<!-- This site is optimized with the Yoast SEO plugin v27.1.1 - https:\/\/yoast.com\/product\/yoast-seo-wordpress\/ -->\n<title>Tra\u00e7abilit\u00e9 des donn\u00e9es g\u00e9ospatiales - IASO<\/title>\n<meta name=\"description\" content=\"IASO permet aux organisations d\u2019optimiser leurs op\u00e9rations tout en respectant les standards les plus \u00e9lev\u00e9s de transparence et de durabilit\u00e9.\" \/>\n<meta name=\"robots\" content=\"index, follow, max-snippet:-1, max-image-preview:large, max-video-preview:-1\" \/>\n<link rel=\"canonical\" href=\"https:\/\/www.openiaso.com\/fr\/a-propos\/tracabilite-des-donnees-geospatiales\/\" \/>\n<meta property=\"og:locale\" content=\"fr_FR\" \/>\n<meta property=\"og:type\" content=\"article\" \/>\n<meta property=\"og:title\" content=\"Tra\u00e7abilit\u00e9 des donn\u00e9es g\u00e9ospatiales - IASO\" \/>\n<meta property=\"og:description\" content=\"IASO permet aux organisations d\u2019optimiser leurs op\u00e9rations tout en respectant les standards les plus \u00e9lev\u00e9s de transparence et de durabilit\u00e9.\" \/>\n<meta property=\"og:url\" content=\"https:\/\/www.openiaso.com\/fr\/a-propos\/tracabilite-des-donnees-geospatiales\/\" \/>\n<meta property=\"og:site_name\" content=\"IASO\" \/>\n<meta property=\"article:modified_time\" content=\"2026-02-25T14:17:03+00:00\" \/>\n<meta property=\"og:image\" content=\"https:\/\/www.openiaso.com\/wp-content\/uploads\/2025\/11\/IASO-mapping-farms.png\" \/>\n\t<meta property=\"og:image:width\" content=\"1600\" \/>\n\t<meta property=\"og:image:height\" content=\"1000\" \/>\n\t<meta property=\"og:image:type\" content=\"image\/png\" \/>\n<meta name=\"twitter:card\" content=\"summary_large_image\" \/>\n<meta name=\"twitter:label1\" content=\"Est. reading time\" \/>\n\t<meta name=\"twitter:data1\" content=\"5 minutes\" \/>\n<script type=\"application\/ld+json\" class=\"yoast-schema-graph\">{\"@context\":\"https:\/\/schema.org\",\"@graph\":[{\"@type\":\"WebPage\",\"@id\":\"https:\/\/www.openiaso.com\/fr\/a-propos\/tracabilite-des-donnees-geospatiales\/\",\"url\":\"https:\/\/www.openiaso.com\/fr\/a-propos\/tracabilite-des-donnees-geospatiales\/\",\"name\":\"Tra\u00e7abilit\u00e9 des donn\u00e9es g\u00e9ospatiales - IASO\",\"isPartOf\":{\"@id\":\"https:\/\/www.openiaso.com\/#website\"},\"primaryImageOfPage\":{\"@id\":\"https:\/\/www.openiaso.com\/fr\/a-propos\/tracabilite-des-donnees-geospatiales\/#primaryimage\"},\"image\":{\"@id\":\"https:\/\/www.openiaso.com\/fr\/a-propos\/tracabilite-des-donnees-geospatiales\/#primaryimage\"},\"thumbnailUrl\":\"https:\/\/www.openiaso.com\/wp-content\/uploads\/2025\/11\/IASO-mapping-farms.png\",\"datePublished\":\"2026-02-25T14:14:44+00:00\",\"dateModified\":\"2026-02-25T14:17:03+00:00\",\"description\":\"IASO permet aux organisations d\u2019optimiser leurs op\u00e9rations tout en respectant les standards les plus \u00e9lev\u00e9s de transparence et de durabilit\u00e9.\",\"breadcrumb\":{\"@id\":\"https:\/\/www.openiaso.com\/fr\/a-propos\/tracabilite-des-donnees-geospatiales\/#breadcrumb\"},\"inLanguage\":\"fr-FR\",\"potentialAction\":[{\"@type\":\"ReadAction\",\"target\":[\"https:\/\/www.openiaso.com\/fr\/a-propos\/tracabilite-des-donnees-geospatiales\/\"]}]},{\"@type\":\"ImageObject\",\"inLanguage\":\"fr-FR\",\"@id\":\"https:\/\/www.openiaso.com\/fr\/a-propos\/tracabilite-des-donnees-geospatiales\/#primaryimage\",\"url\":\"https:\/\/www.openiaso.com\/wp-content\/uploads\/2025\/11\/IASO-mapping-farms.png\",\"contentUrl\":\"https:\/\/www.openiaso.com\/wp-content\/uploads\/2025\/11\/IASO-mapping-farms.png\"},{\"@type\":\"BreadcrumbList\",\"@id\":\"https:\/\/www.openiaso.com\/fr\/a-propos\/tracabilite-des-donnees-geospatiales\/#breadcrumb\",\"itemListElement\":[{\"@type\":\"ListItem\",\"position\":1,\"name\":\"Home\",\"item\":\"https:\/\/www.openiaso.com\/fr\/\"},{\"@type\":\"ListItem\",\"position\":2,\"name\":\"A propos\",\"item\":\"https:\/\/www.openiaso.com\/fr\/a-propos\/\"},{\"@type\":\"ListItem\",\"position\":3,\"name\":\"Tra\u00e7abilit\u00e9 des donn\u00e9es g\u00e9ospatiales\"}]},{\"@type\":\"WebSite\",\"@id\":\"https:\/\/www.openiaso.com\/#website\",\"url\":\"https:\/\/www.openiaso.com\/\",\"name\":\"Open IASO\",\"description\":\"Geo-Powered Data Collection &amp; Microplanning\",\"publisher\":{\"@id\":\"https:\/\/www.openiaso.com\/#organization\"},\"potentialAction\":[{\"@type\":\"SearchAction\",\"target\":{\"@type\":\"EntryPoint\",\"urlTemplate\":\"https:\/\/www.openiaso.com\/?s={search_term_string}\"},\"query-input\":{\"@type\":\"PropertyValueSpecification\",\"valueRequired\":true,\"valueName\":\"search_term_string\"}}],\"inLanguage\":\"fr-FR\"},{\"@type\":\"Organization\",\"@id\":\"https:\/\/www.openiaso.com\/#organization\",\"name\":\"Open IASO\",\"url\":\"https:\/\/www.openiaso.com\/\",\"logo\":{\"@type\":\"ImageObject\",\"inLanguage\":\"fr-FR\",\"@id\":\"https:\/\/www.openiaso.com\/#\/schema\/logo\/image\/\",\"url\":\"https:\/\/www.openiaso.com\/wp-content\/uploads\/2024\/08\/Logo-openiaso-picto.svg\",\"contentUrl\":\"https:\/\/www.openiaso.com\/wp-content\/uploads\/2024\/08\/Logo-openiaso-picto.svg\",\"width\":75,\"height\":36,\"caption\":\"Open IASO\"},\"image\":{\"@id\":\"https:\/\/www.openiaso.com\/#\/schema\/logo\/image\/\"}}]}<\/script>\n<!-- \/ Yoast SEO plugin. -->","yoast_head_json":{"title":"Tra\u00e7abilit\u00e9 des donn\u00e9es g\u00e9ospatiales - IASO","description":"IASO permet aux organisations d\u2019optimiser leurs op\u00e9rations tout en respectant les standards les plus \u00e9lev\u00e9s de transparence et de durabilit\u00e9.","robots":{"index":"index","follow":"follow","max-snippet":"max-snippet:-1","max-image-preview":"max-image-preview:large","max-video-preview":"max-video-preview:-1"},"canonical":"https:\/\/www.openiaso.com\/fr\/a-propos\/tracabilite-des-donnees-geospatiales\/","og_locale":"fr_FR","og_type":"article","og_title":"Tra\u00e7abilit\u00e9 des donn\u00e9es g\u00e9ospatiales - IASO","og_description":"IASO permet aux organisations d\u2019optimiser leurs op\u00e9rations tout en respectant les standards les plus \u00e9lev\u00e9s de transparence et de durabilit\u00e9.","og_url":"https:\/\/www.openiaso.com\/fr\/a-propos\/tracabilite-des-donnees-geospatiales\/","og_site_name":"IASO","article_modified_time":"2026-02-25T14:17:03+00:00","og_image":[{"width":1600,"height":1000,"url":"https:\/\/www.openiaso.com\/wp-content\/uploads\/2025\/11\/IASO-mapping-farms.png","type":"image\/png"}],"twitter_card":"summary_large_image","twitter_misc":{"Est. reading time":"5 minutes"},"schema":{"@context":"https:\/\/schema.org","@graph":[{"@type":"WebPage","@id":"https:\/\/www.openiaso.com\/fr\/a-propos\/tracabilite-des-donnees-geospatiales\/","url":"https:\/\/www.openiaso.com\/fr\/a-propos\/tracabilite-des-donnees-geospatiales\/","name":"Tra\u00e7abilit\u00e9 des donn\u00e9es g\u00e9ospatiales - IASO","isPartOf":{"@id":"https:\/\/www.openiaso.com\/#website"},"primaryImageOfPage":{"@id":"https:\/\/www.openiaso.com\/fr\/a-propos\/tracabilite-des-donnees-geospatiales\/#primaryimage"},"image":{"@id":"https:\/\/www.openiaso.com\/fr\/a-propos\/tracabilite-des-donnees-geospatiales\/#primaryimage"},"thumbnailUrl":"https:\/\/www.openiaso.com\/wp-content\/uploads\/2025\/11\/IASO-mapping-farms.png","datePublished":"2026-02-25T14:14:44+00:00","dateModified":"2026-02-25T14:17:03+00:00","description":"IASO permet aux organisations d\u2019optimiser leurs op\u00e9rations tout en respectant les standards les plus \u00e9lev\u00e9s de transparence et de durabilit\u00e9.","breadcrumb":{"@id":"https:\/\/www.openiaso.com\/fr\/a-propos\/tracabilite-des-donnees-geospatiales\/#breadcrumb"},"inLanguage":"fr-FR","potentialAction":[{"@type":"ReadAction","target":["https:\/\/www.openiaso.com\/fr\/a-propos\/tracabilite-des-donnees-geospatiales\/"]}]},{"@type":"ImageObject","inLanguage":"fr-FR","@id":"https:\/\/www.openiaso.com\/fr\/a-propos\/tracabilite-des-donnees-geospatiales\/#primaryimage","url":"https:\/\/www.openiaso.com\/wp-content\/uploads\/2025\/11\/IASO-mapping-farms.png","contentUrl":"https:\/\/www.openiaso.com\/wp-content\/uploads\/2025\/11\/IASO-mapping-farms.png"},{"@type":"BreadcrumbList","@id":"https:\/\/www.openiaso.com\/fr\/a-propos\/tracabilite-des-donnees-geospatiales\/#breadcrumb","itemListElement":[{"@type":"ListItem","position":1,"name":"Home","item":"https:\/\/www.openiaso.com\/fr\/"},{"@type":"ListItem","position":2,"name":"A propos","item":"https:\/\/www.openiaso.com\/fr\/a-propos\/"},{"@type":"ListItem","position":3,"name":"Tra\u00e7abilit\u00e9 des donn\u00e9es g\u00e9ospatiales"}]},{"@type":"WebSite","@id":"https:\/\/www.openiaso.com\/#website","url":"https:\/\/www.openiaso.com\/","name":"Open IASO","description":"Geo-Powered Data Collection &amp; Microplanning","publisher":{"@id":"https:\/\/www.openiaso.com\/#organization"},"potentialAction":[{"@type":"SearchAction","target":{"@type":"EntryPoint","urlTemplate":"https:\/\/www.openiaso.com\/?s={search_term_string}"},"query-input":{"@type":"PropertyValueSpecification","valueRequired":true,"valueName":"search_term_string"}}],"inLanguage":"fr-FR"},{"@type":"Organization","@id":"https:\/\/www.openiaso.com\/#organization","name":"Open IASO","url":"https:\/\/www.openiaso.com\/","logo":{"@type":"ImageObject","inLanguage":"fr-FR","@id":"https:\/\/www.openiaso.com\/#\/schema\/logo\/image\/","url":"https:\/\/www.openiaso.com\/wp-content\/uploads\/2024\/08\/Logo-openiaso-picto.svg","contentUrl":"https:\/\/www.openiaso.com\/wp-content\/uploads\/2024\/08\/Logo-openiaso-picto.svg","width":75,"height":36,"caption":"Open IASO"},"image":{"@id":"https:\/\/www.openiaso.com\/#\/schema\/logo\/image\/"}}]}},"_links":{"self":[{"href":"https:\/\/www.openiaso.com\/fr\/wp-json\/wp\/v2\/pages\/2681","targetHints":{"allow":["GET"]}}],"collection":[{"href":"https:\/\/www.openiaso.com\/fr\/wp-json\/wp\/v2\/pages"}],"about":[{"href":"https:\/\/www.openiaso.com\/fr\/wp-json\/wp\/v2\/types\/page"}],"author":[{"embeddable":true,"href":"https:\/\/www.openiaso.com\/fr\/wp-json\/wp\/v2\/users\/10"}],"replies":[{"embeddable":true,"href":"https:\/\/www.openiaso.com\/fr\/wp-json\/wp\/v2\/comments?post=2681"}],"version-history":[{"count":2,"href":"https:\/\/www.openiaso.com\/fr\/wp-json\/wp\/v2\/pages\/2681\/revisions"}],"predecessor-version":[{"id":2686,"href":"https:\/\/www.openiaso.com\/fr\/wp-json\/wp\/v2\/pages\/2681\/revisions\/2686"}],"up":[{"embeddable":true,"href":"https:\/\/www.openiaso.com\/fr\/wp-json\/wp\/v2\/pages\/392"}],"wp:attachment":[{"href":"https:\/\/www.openiaso.com\/fr\/wp-json\/wp\/v2\/media?parent=2681"}],"curies":[{"name":"wp","href":"https:\/\/api.w.org\/{rel}","templated":true}]}}