{"id":2688,"date":"2026-02-25T15:01:32","date_gmt":"2026-02-25T15:01:32","guid":{"rendered":"https:\/\/www.openiaso.com\/?page_id=2688"},"modified":"2026-02-25T15:01:32","modified_gmt":"2026-02-25T15:01:32","slug":"suivi-des-donnees-vih","status":"publish","type":"page","link":"https:\/\/www.openiaso.com\/fr\/a-propos\/suivi-des-donnees-vih\/","title":{"rendered":"Suivi des donn\u00e9es VIH"},"content":{"rendered":"<p><span style=\"font-weight: 400;\">La lutte mondiale contre le VIH repose sur des donn\u00e9es de haute qualit\u00e9 et exploitables. Cependant, de nombreux programmes de sant\u00e9 sont encore confront\u00e9s \u00e0 des syst\u00e8mes fragment\u00e9s, \u00e0 des erreurs de saisie manuelle et \u00e0 un manque important de visibilit\u00e9 en temps r\u00e9el sur des parcours individuels complexes. IASO propose une <\/span><b>plateforme modulaire et open source<\/b><span style=\"font-weight: 400;\"> capable de <\/span><b>centraliser les donn\u00e9es VIH<\/b><span style=\"font-weight: 400;\">. Elle permet aux organisations de sant\u00e9 de suivre les dossiers longitudinaux des personnes vivant avec le VIH, de g\u00e9rer les intrants critiques et de visualiser les progr\u00e8s gr\u00e2ce \u00e0 des <\/span><b>fonctionnalit\u00e9s g\u00e9ospatiales avanc\u00e9es<\/b><span style=\"font-weight: 400;\">.<\/span><\/p>\n<h2><span style=\"font-weight: 400;\">Gestion centralis\u00e9e des donn\u00e9es pour les programmes VIH<\/span><\/h2>\n<p><span style=\"font-weight: 400;\">Des programmes VIH efficaces n\u00e9cessitent une source unique de v\u00e9rit\u00e9 pour g\u00e9rer des flux cliniques complexes, depuis le d\u00e9pistage initial et l\u2019initiation du traitement antir\u00e9troviral jusqu\u2019au <\/span><b>suivi \u00e0 long terme de la charge virale<\/b><span style=\"font-weight: 400;\">. IASO permet une vision plus holistique de l\u2019\u00e9pid\u00e9mie et une <\/span><b>allocation plus efficiente des ressources<\/b><span style=\"font-weight: 400;\"> \u00e0 l\u2019\u00e9chelle du syst\u00e8me de sant\u00e9.<\/span><\/p>\n<h3><span style=\"font-weight: 400;\">Suivi longitudinal des personnes vivant avec le VIH et gestion des cohortes<\/span><\/h3>\n<p><span style=\"font-weight: 400;\">Le suivi de l\u2019\u00e9tat de sant\u00e9 d\u2019un individu dans le temps est essentiel pour garantir l\u2019adh\u00e9rence au traitement et le maintien \u00e0 long terme dans les soins. IASO facilite l\u2019<\/span><b>identification unique <\/b><span style=\"font-weight: 400;\">gr\u00e2ce \u00e0 l\u2019utilisation de QR codes ou de biom\u00e9trie mobile, tels que la reconnaissance faciale et de l\u2019iris, permettant aux \u00e9quipes de suivre les individus \u00e0 travers diff\u00e9rents \u00e9tablissements de sant\u00e9 sans risque de duplication.<\/span><\/p>\n<p><span style=\"font-weight: 400;\">La plateforme utilise un <\/span><b>syst\u00e8me de suivi bas\u00e9 sur des entit\u00e9s<\/b><span style=\"font-weight: 400;\">, o\u00f9 chaque b\u00e9n\u00e9ficiaire est repr\u00e9sent\u00e9 comme une entit\u00e9 unique, offrant une vue compl\u00e8te de son historique m\u00e9dical et des \u00e9tapes cl\u00e9s de son traitement. Afin d\u2019am\u00e9liorer les r\u00e9sultats, IASO prend en charge l\u2019<\/span><b>automatisation des flux de travail<\/b><span style=\"font-weight: 400;\"> : les \u00e9tapes suivantes sont configur\u00e9es en fonction d\u2019indicateurs cliniques, garantissant que les personnes vivant avec le VIH qui manquent des rendez-vous ou n\u00e9cessitent des examens de suivi soient imm\u00e9diatement signal\u00e9es pour des actions communautaires.<\/span><\/p>\n<p><img decoding=\"async\" class=\"alignnone wp-image-2431 lazyload\" data-src=\"https:\/\/www.openiaso.com\/wp-content\/uploads\/2025\/12\/Outil-File-Active-VIH-300x173.png\" alt=\"\" width=\"867\" height=\"500\" data-srcset=\"https:\/\/www.openiaso.com\/wp-content\/uploads\/2025\/12\/Outil-File-Active-VIH-300x173.png 300w, https:\/\/www.openiaso.com\/wp-content\/uploads\/2025\/12\/Outil-File-Active-VIH-1024x590.png 1024w, https:\/\/www.openiaso.com\/wp-content\/uploads\/2025\/12\/Outil-File-Active-VIH-768x443.png 768w, https:\/\/www.openiaso.com\/wp-content\/uploads\/2025\/12\/Outil-File-Active-VIH-1536x885.png 1536w, https:\/\/www.openiaso.com\/wp-content\/uploads\/2025\/12\/Outil-File-Active-VIH-2048x1181.png 2048w\" data-sizes=\"(max-width: 867px) 100vw, 867px\" src=\"data:image\/svg+xml;base64,PHN2ZyB3aWR0aD0iMSIgaGVpZ2h0PSIxIiB4bWxucz0iaHR0cDovL3d3dy53My5vcmcvMjAwMC9zdmciPjwvc3ZnPg==\" style=\"--smush-placeholder-width: 867px; --smush-placeholder-aspect-ratio: 867\/500;\" \/><\/p>\n<h3><span style=\"font-weight: 400;\">G\u00e9oregistre et microplanification num\u00e9rique pour des interventions cibl\u00e9es<\/span><\/h3>\n<p><span style=\"font-weight: 400;\">Pour atteindre les populations mal desservies, les programmes VIH doivent disposer d\u2019une connaissance pr\u00e9cise des lieux o\u00f9 les services sont fournis. IASO int\u00e8gre un <\/span><a href=\"https:\/\/www.openiaso.com\/fr\/a-propos\/georegistre\/\"><b>g\u00e9oregistre avanc\u00e9<\/b><\/a><span style=\"font-weight: 400;\"> qui g\u00e8re une <\/span><b>base de donn\u00e9es centralis\u00e9e<\/b><span style=\"font-weight: 400;\"> des structures de sant\u00e9 et des sites communautaires avec des coordonn\u00e9es GPS exactes.<\/span><\/p>\n<p><span style=\"font-weight: 400;\">Cette base permet la <\/span><b>microplanification num\u00e9rique<\/b><span style=\"font-weight: 400;\">, en rempla\u00e7ant des fichiers Excel dispers\u00e9s par une plateforme en temps r\u00e9el o\u00f9 les \u00e9quipes de terrain sont affect\u00e9es \u00e0 des zones g\u00e9ographiques sp\u00e9cifiques en fonction de la densit\u00e9 de population et de la <\/span><b>pr\u00e9valence de la maladie<\/b><span style=\"font-weight: 400;\">. M\u00eame dans les zones sans connectivit\u00e9 internet, les capacit\u00e9s SIG hors ligne de la plateforme permettent aux agents de <\/span><b>collecter des donn\u00e9es<\/b><span style=\"font-weight: 400;\"> et de naviguer vers des m\u00e9nages isol\u00e9s, toutes les informations \u00e9tant <\/span><b>synchronis\u00e9es automatiquement<\/b><span style=\"font-weight: 400;\"> d\u00e8s que la connexion est r\u00e9tablie.<\/span><\/p>\n<h2><span style=\"font-weight: 400;\">Des fonctionnalit\u00e9s techniques con\u00e7ues pour la r\u00e9alit\u00e9 du terrain<\/span><\/h2>\n<p><span style=\"font-weight: 400;\">IASO est con\u00e7u pour r\u00e9sister aux d\u00e9fis op\u00e9rationnels des interventions de sant\u00e9 publique dans des environnements \u00e0 ressources limit\u00e9es. Son architecture technique privil\u00e9gie la flexibilit\u00e9 et une <\/span><b>interop\u00e9rabilit\u00e9<\/b><span style=\"font-weight: 400;\"> fluide avec les standards mondiaux existants afin d\u2019assurer une durabilit\u00e9 \u00e0 long terme.<\/span><\/p>\n<h3><span style=\"font-weight: 400;\">Interop\u00e9rabilit\u00e9 avec DHIS2 et les standards globaux<\/span><\/h3>\n<p><span style=\"font-weight: 400;\">\u00c9tant donn\u00e9 que la plupart des <\/span><b>syst\u00e8mes nationaux de sant\u00e9 <\/b><span style=\"font-weight: 400;\">s\u2019appuient sur <\/span><a href=\"https:\/\/www.bluesquarehub.com\/fr\/produits\/abonnements-aux-services\/dhis2\/\"><span style=\"font-weight: 400;\">DHIS2<\/span><\/a><span style=\"font-weight: 400;\"> pour le reporting agr\u00e9g\u00e9, IASO comble l\u2019\u00e9cart entre le<\/span><b> suivi individuel et les indicateurs nationaux<\/b><span style=\"font-weight: 400;\"> gr\u00e2ce \u00e0 une int\u00e9gration bidirectionnelle. Cela permet aux responsables sanitaires de transmettre les <\/span><b>donn\u00e9es collect\u00e9es sur le terrain <\/b><span style=\"font-weight: 400;\">vers DHIS2 ou d\u2019importer les donn\u00e9es existantes des structures de sant\u00e9 dans IASO \u00e0 des fins de planification strat\u00e9gique.<\/span><\/p>\n<p><span style=\"font-weight: 400;\">En tant que <\/span><a href=\"https:\/\/www.digitalpublicgoods.net\/r\/iaso\"><span style=\"font-weight: 400;\">bien public num\u00e9rique<\/span><\/a><span style=\"font-weight: 400;\"> reconnu, IASO garantit la transparence et \u00e9vite la d\u00e9pendance \u00e0 un fournisseur pour les minist\u00e8res de la Sant\u00e9. De plus, la plateforme est dot\u00e9e de <\/span><b>protocoles de s\u00e9curit\u00e9 robustes<\/b><span style=\"font-weight: 400;\"> pour prot\u00e9ger les informations sensibles des personnes, assurant une conformit\u00e9 totale avec les r\u00e9glementations internationales sur la protection des donn\u00e9es et les standards du RGPD.<\/span><\/p>\n<p><img decoding=\"async\" class=\"alignnone wp-image-2425 lazyload\" data-src=\"https:\/\/www.openiaso.com\/wp-content\/uploads\/2025\/12\/File-Active-VIH-IASO-300x117.png\" alt=\"\" width=\"1284\" height=\"500\" data-srcset=\"https:\/\/www.openiaso.com\/wp-content\/uploads\/2025\/12\/File-Active-VIH-IASO-300x117.png 300w, https:\/\/www.openiaso.com\/wp-content\/uploads\/2025\/12\/File-Active-VIH-IASO-1024x399.png 1024w, https:\/\/www.openiaso.com\/wp-content\/uploads\/2025\/12\/File-Active-VIH-IASO-768x299.png 768w, https:\/\/www.openiaso.com\/wp-content\/uploads\/2025\/12\/File-Active-VIH-IASO-1536x598.png 1536w, https:\/\/www.openiaso.com\/wp-content\/uploads\/2025\/12\/File-Active-VIH-IASO.png 1887w\" data-sizes=\"(max-width: 1284px) 100vw, 1284px\" src=\"data:image\/svg+xml;base64,PHN2ZyB3aWR0aD0iMSIgaGVpZ2h0PSIxIiB4bWxucz0iaHR0cDovL3d3dy53My5vcmcvMjAwMC9zdmciPjwvc3ZnPg==\" style=\"--smush-placeholder-width: 1284px; --smush-placeholder-aspect-ratio: 1284\/500;\" \/><\/p>\n<h3><span style=\"font-weight: 400;\">Analyses avanc\u00e9es et tableaux de bord en temps r\u00e9el<\/span><\/h3>\n<p><span style=\"font-weight: 400;\">Les donn\u00e9es ne deviennent r\u00e9ellement pr\u00e9cieuses que lorsqu\u2019elles \u00e9clairent la prise de d\u00e9cision gr\u00e2ce \u00e0 une visualisation claire. L\u2019int\u00e9gration de IASO avec des outils analytiques comme <\/span><a href=\"https:\/\/www.openhexa.com\/fr\/\"><span style=\"font-weight: 400;\">OpenHEXA<\/span><\/a><span style=\"font-weight: 400;\"> permet un <\/span><b>traitement avanc\u00e9 des donn\u00e9es<\/b><span style=\"font-weight: 400;\"> et la cr\u00e9ation de <\/span><b>tableaux de bord personnalis\u00e9s<\/b><span style=\"font-weight: 400;\">.<\/span><\/p>\n<p><span style=\"font-weight: 400;\">Ces tableaux de bord permettent aux gestionnaires de programmes de suivre des indicateurs cl\u00e9s de performance, tels que les taux de suppression virale ou les niveaux de stocks d\u2019ARV, \u00e0 l\u2019\u00e9chelle des districts et presque en temps r\u00e9el. Les mises \u00e0 jour fr\u00e9quentes offrent une visibilit\u00e9 imm\u00e9diate sur les activit\u00e9s de terrain, permettant des ajustements rapides lorsque n\u00e9cessaire. Cela s\u2019\u00e9tend \u00e9galement \u00e0 la <\/span><a href=\"https:\/\/www.openiaso.com\/fr\/a-propos\/logistique\/\"><span style=\"font-weight: 400;\">logistique<\/span><\/a><span style=\"font-weight: 400;\"> : la <\/span><b>cha\u00eene d\u2019approvisionnement des tests VIH<\/b><span style=\"font-weight: 400;\"> et des m\u00e9dicaments peut \u00eatre g\u00e9r\u00e9e au sein de la m\u00eame plateforme afin de r\u00e9duire significativement les risques de rupture de stock.<\/span><\/p>\n<h2><img decoding=\"async\" class=\"alignnone wp-image-2427 lazyload\" data-src=\"https:\/\/www.openiaso.com\/wp-content\/uploads\/2025\/12\/File-Active-VIH-IASO-2-300x157.png\" alt=\"\" width=\"957\" height=\"500\" data-srcset=\"https:\/\/www.openiaso.com\/wp-content\/uploads\/2025\/12\/File-Active-VIH-IASO-2-300x157.png 300w, https:\/\/www.openiaso.com\/wp-content\/uploads\/2025\/12\/File-Active-VIH-IASO-2-1024x535.png 1024w, https:\/\/www.openiaso.com\/wp-content\/uploads\/2025\/12\/File-Active-VIH-IASO-2-768x401.png 768w, https:\/\/www.openiaso.com\/wp-content\/uploads\/2025\/12\/File-Active-VIH-IASO-2-1536x803.png 1536w, https:\/\/www.openiaso.com\/wp-content\/uploads\/2025\/12\/File-Active-VIH-IASO-2.png 1584w\" data-sizes=\"(max-width: 957px) 100vw, 957px\" src=\"data:image\/svg+xml;base64,PHN2ZyB3aWR0aD0iMSIgaGVpZ2h0PSIxIiB4bWxucz0iaHR0cDovL3d3dy53My5vcmcvMjAwMC9zdmciPjwvc3ZnPg==\" style=\"--smush-placeholder-width: 957px; --smush-placeholder-aspect-ratio: 957\/500;\" \/><\/h2>\n<h2><span style=\"font-weight: 400;\">Impact d\u00e9montr\u00e9 \u00e0 travers diff\u00e9rents domaines de la sant\u00e9<\/span><\/h2>\n<p><span style=\"font-weight: 400;\">Bien que IASO soit hautement adaptable, son succ\u00e8s dans des campagnes de sant\u00e9 publique \u00e0 grande \u00e9chelle d\u00e9montre sa capacit\u00e9 \u00e0 r\u00e9pondre aux besoins complexes de<\/span><b> suivi des donn\u00e9es VIH<\/b><span style=\"font-weight: 400;\">. En C\u00f4te d\u2019Ivoire, par exemple, la plateforme a \u00e9t\u00e9 utilis\u00e9e pour <\/span><a href=\"https:\/\/www.openiaso.com\/fr\/iaso-une-solution-centralisee-pour-integrer-et-gerer-les-donnees-vih\/\"><span style=\"font-weight: 400;\">enregistrer des millions de m\u00e9nages<\/span><\/a><span style=\"font-weight: 400;\"> dans le cadre d\u2019interventions sanitaires, prouvant sa capacit\u00e9 \u00e0 g\u00e9rer des volumes massifs de donn\u00e9es avec une grande pr\u00e9cision.<\/span><\/p>\n<p><span style=\"font-weight: 400;\">\u00c0 l\u2019instar des suivis nutritionnels o\u00f9 des mesures sp\u00e9cifiques d\u00e9clenchent des flux cliniques, les programmes VIH peuvent utiliser IASO pour automatiser les rappels de renouvellement de traitement ou de test de charge virale. Tout au long de ces projets, <\/span><a href=\"https:\/\/www.bluesquarehub.com\/\"><span style=\"font-weight: 400;\">Bluesquare<\/span><\/a><span style=\"font-weight: 400;\"> met l\u2019accent sur l\u2019apprentissage collaboratif et le renforcement des capacit\u00e9s au niveau national, afin de garantir que les parties prenantes locales soient pleinement form\u00e9es pour g\u00e9rer et mettre \u00e0 jour le syst\u00e8me de mani\u00e8re autonome lors des cycles futurs.<\/span><\/p>\n","protected":false},"excerpt":{"rendered":"<p>La lutte mondiale contre le VIH repose sur des donn\u00e9es de haute qualit\u00e9 et exploitables. Cependant, de nombreux programmes de sant\u00e9 sont encore confront\u00e9s \u00e0 des syst\u00e8mes fragment\u00e9s, \u00e0 des erreurs de saisie manuelle et \u00e0 un manque important de visibilit\u00e9 en temps r\u00e9el sur des parcours individuels complexes. IASO propose une plateforme modulaire et [&hellip;]<\/p>\n","protected":false},"author":10,"featured_media":0,"parent":392,"menu_order":0,"comment_status":"closed","ping_status":"closed","template":"","meta":{"_acf_changed":false,"footnotes":""},"class_list":["post-2688","page","type-page","status-publish","hentry"],"acf":[],"yoast_head":"<!-- This site is optimized with the Yoast SEO plugin v27.1.1 - https:\/\/yoast.com\/product\/yoast-seo-wordpress\/ -->\n<title>Suivi des donn\u00e9es VIH - IASO<\/title>\n<meta name=\"description\" content=\"IASO propose une plateforme modulaire et open source capable de centraliser les donn\u00e9es VIH, avec des fonctionnalit\u00e9s g\u00e9ospatiales avanc\u00e9es.\" \/>\n<meta name=\"robots\" content=\"index, follow, max-snippet:-1, max-image-preview:large, max-video-preview:-1\" \/>\n<link rel=\"canonical\" href=\"https:\/\/www.openiaso.com\/fr\/a-propos\/suivi-des-donnees-vih\/\" \/>\n<meta property=\"og:locale\" content=\"fr_FR\" \/>\n<meta property=\"og:type\" content=\"article\" \/>\n<meta property=\"og:title\" content=\"Suivi des donn\u00e9es VIH - IASO\" \/>\n<meta property=\"og:description\" content=\"IASO propose une plateforme modulaire et open source capable de centraliser les donn\u00e9es VIH, avec des fonctionnalit\u00e9s g\u00e9ospatiales avanc\u00e9es.\" \/>\n<meta property=\"og:url\" content=\"https:\/\/www.openiaso.com\/fr\/a-propos\/suivi-des-donnees-vih\/\" \/>\n<meta property=\"og:site_name\" content=\"IASO\" \/>\n<meta property=\"og:image\" content=\"https:\/\/www.openiaso.com\/wp-content\/uploads\/2025\/12\/Outil-File-Active-VIH-scaled.png\" \/>\n\t<meta property=\"og:image:width\" content=\"2560\" \/>\n\t<meta property=\"og:image:height\" content=\"1476\" \/>\n\t<meta property=\"og:image:type\" content=\"image\/png\" \/>\n<meta name=\"twitter:card\" content=\"summary_large_image\" \/>\n<meta name=\"twitter:label1\" content=\"Est. reading time\" \/>\n\t<meta name=\"twitter:data1\" content=\"5 minutes\" \/>\n<script type=\"application\/ld+json\" class=\"yoast-schema-graph\">{\"@context\":\"https:\/\/schema.org\",\"@graph\":[{\"@type\":\"WebPage\",\"@id\":\"https:\/\/www.openiaso.com\/fr\/a-propos\/suivi-des-donnees-vih\/\",\"url\":\"https:\/\/www.openiaso.com\/fr\/a-propos\/suivi-des-donnees-vih\/\",\"name\":\"Suivi des donn\u00e9es VIH - IASO\",\"isPartOf\":{\"@id\":\"https:\/\/www.openiaso.com\/#website\"},\"primaryImageOfPage\":{\"@id\":\"https:\/\/www.openiaso.com\/fr\/a-propos\/suivi-des-donnees-vih\/#primaryimage\"},\"image\":{\"@id\":\"https:\/\/www.openiaso.com\/fr\/a-propos\/suivi-des-donnees-vih\/#primaryimage\"},\"thumbnailUrl\":\"https:\/\/www.openiaso.com\/wp-content\/uploads\/2025\/12\/Outil-File-Active-VIH-300x173.png\",\"datePublished\":\"2026-02-25T15:01:32+00:00\",\"description\":\"IASO propose une plateforme modulaire et open source capable de centraliser les donn\u00e9es VIH, avec des fonctionnalit\u00e9s g\u00e9ospatiales avanc\u00e9es.\",\"breadcrumb\":{\"@id\":\"https:\/\/www.openiaso.com\/fr\/a-propos\/suivi-des-donnees-vih\/#breadcrumb\"},\"inLanguage\":\"fr-FR\",\"potentialAction\":[{\"@type\":\"ReadAction\",\"target\":[\"https:\/\/www.openiaso.com\/fr\/a-propos\/suivi-des-donnees-vih\/\"]}]},{\"@type\":\"ImageObject\",\"inLanguage\":\"fr-FR\",\"@id\":\"https:\/\/www.openiaso.com\/fr\/a-propos\/suivi-des-donnees-vih\/#primaryimage\",\"url\":\"https:\/\/www.openiaso.com\/wp-content\/uploads\/2025\/12\/Outil-File-Active-VIH-300x173.png\",\"contentUrl\":\"https:\/\/www.openiaso.com\/wp-content\/uploads\/2025\/12\/Outil-File-Active-VIH-300x173.png\"},{\"@type\":\"BreadcrumbList\",\"@id\":\"https:\/\/www.openiaso.com\/fr\/a-propos\/suivi-des-donnees-vih\/#breadcrumb\",\"itemListElement\":[{\"@type\":\"ListItem\",\"position\":1,\"name\":\"Home\",\"item\":\"https:\/\/www.openiaso.com\/fr\/\"},{\"@type\":\"ListItem\",\"position\":2,\"name\":\"A propos\",\"item\":\"https:\/\/www.openiaso.com\/fr\/a-propos\/\"},{\"@type\":\"ListItem\",\"position\":3,\"name\":\"Suivi des donn\u00e9es VIH\"}]},{\"@type\":\"WebSite\",\"@id\":\"https:\/\/www.openiaso.com\/#website\",\"url\":\"https:\/\/www.openiaso.com\/\",\"name\":\"Open IASO\",\"description\":\"Geo-Powered Data Collection &amp; Microplanning\",\"publisher\":{\"@id\":\"https:\/\/www.openiaso.com\/#organization\"},\"potentialAction\":[{\"@type\":\"SearchAction\",\"target\":{\"@type\":\"EntryPoint\",\"urlTemplate\":\"https:\/\/www.openiaso.com\/?s={search_term_string}\"},\"query-input\":{\"@type\":\"PropertyValueSpecification\",\"valueRequired\":true,\"valueName\":\"search_term_string\"}}],\"inLanguage\":\"fr-FR\"},{\"@type\":\"Organization\",\"@id\":\"https:\/\/www.openiaso.com\/#organization\",\"name\":\"Open IASO\",\"url\":\"https:\/\/www.openiaso.com\/\",\"logo\":{\"@type\":\"ImageObject\",\"inLanguage\":\"fr-FR\",\"@id\":\"https:\/\/www.openiaso.com\/#\/schema\/logo\/image\/\",\"url\":\"https:\/\/www.openiaso.com\/wp-content\/uploads\/2024\/08\/Logo-openiaso-picto.svg\",\"contentUrl\":\"https:\/\/www.openiaso.com\/wp-content\/uploads\/2024\/08\/Logo-openiaso-picto.svg\",\"width\":75,\"height\":36,\"caption\":\"Open IASO\"},\"image\":{\"@id\":\"https:\/\/www.openiaso.com\/#\/schema\/logo\/image\/\"}}]}<\/script>\n<!-- \/ Yoast SEO plugin. -->","yoast_head_json":{"title":"Suivi des donn\u00e9es VIH - IASO","description":"IASO propose une plateforme modulaire et open source capable de centraliser les donn\u00e9es VIH, avec des fonctionnalit\u00e9s g\u00e9ospatiales avanc\u00e9es.","robots":{"index":"index","follow":"follow","max-snippet":"max-snippet:-1","max-image-preview":"max-image-preview:large","max-video-preview":"max-video-preview:-1"},"canonical":"https:\/\/www.openiaso.com\/fr\/a-propos\/suivi-des-donnees-vih\/","og_locale":"fr_FR","og_type":"article","og_title":"Suivi des donn\u00e9es VIH - IASO","og_description":"IASO propose une plateforme modulaire et open source capable de centraliser les donn\u00e9es VIH, avec des fonctionnalit\u00e9s g\u00e9ospatiales avanc\u00e9es.","og_url":"https:\/\/www.openiaso.com\/fr\/a-propos\/suivi-des-donnees-vih\/","og_site_name":"IASO","og_image":[{"width":2560,"height":1476,"url":"https:\/\/www.openiaso.com\/wp-content\/uploads\/2025\/12\/Outil-File-Active-VIH-scaled.png","type":"image\/png"}],"twitter_card":"summary_large_image","twitter_misc":{"Est. reading time":"5 minutes"},"schema":{"@context":"https:\/\/schema.org","@graph":[{"@type":"WebPage","@id":"https:\/\/www.openiaso.com\/fr\/a-propos\/suivi-des-donnees-vih\/","url":"https:\/\/www.openiaso.com\/fr\/a-propos\/suivi-des-donnees-vih\/","name":"Suivi des donn\u00e9es VIH - IASO","isPartOf":{"@id":"https:\/\/www.openiaso.com\/#website"},"primaryImageOfPage":{"@id":"https:\/\/www.openiaso.com\/fr\/a-propos\/suivi-des-donnees-vih\/#primaryimage"},"image":{"@id":"https:\/\/www.openiaso.com\/fr\/a-propos\/suivi-des-donnees-vih\/#primaryimage"},"thumbnailUrl":"https:\/\/www.openiaso.com\/wp-content\/uploads\/2025\/12\/Outil-File-Active-VIH-300x173.png","datePublished":"2026-02-25T15:01:32+00:00","description":"IASO propose une plateforme modulaire et open source capable de centraliser les donn\u00e9es VIH, avec des fonctionnalit\u00e9s g\u00e9ospatiales avanc\u00e9es.","breadcrumb":{"@id":"https:\/\/www.openiaso.com\/fr\/a-propos\/suivi-des-donnees-vih\/#breadcrumb"},"inLanguage":"fr-FR","potentialAction":[{"@type":"ReadAction","target":["https:\/\/www.openiaso.com\/fr\/a-propos\/suivi-des-donnees-vih\/"]}]},{"@type":"ImageObject","inLanguage":"fr-FR","@id":"https:\/\/www.openiaso.com\/fr\/a-propos\/suivi-des-donnees-vih\/#primaryimage","url":"https:\/\/www.openiaso.com\/wp-content\/uploads\/2025\/12\/Outil-File-Active-VIH-300x173.png","contentUrl":"https:\/\/www.openiaso.com\/wp-content\/uploads\/2025\/12\/Outil-File-Active-VIH-300x173.png"},{"@type":"BreadcrumbList","@id":"https:\/\/www.openiaso.com\/fr\/a-propos\/suivi-des-donnees-vih\/#breadcrumb","itemListElement":[{"@type":"ListItem","position":1,"name":"Home","item":"https:\/\/www.openiaso.com\/fr\/"},{"@type":"ListItem","position":2,"name":"A propos","item":"https:\/\/www.openiaso.com\/fr\/a-propos\/"},{"@type":"ListItem","position":3,"name":"Suivi des donn\u00e9es VIH"}]},{"@type":"WebSite","@id":"https:\/\/www.openiaso.com\/#website","url":"https:\/\/www.openiaso.com\/","name":"Open IASO","description":"Geo-Powered Data Collection &amp; Microplanning","publisher":{"@id":"https:\/\/www.openiaso.com\/#organization"},"potentialAction":[{"@type":"SearchAction","target":{"@type":"EntryPoint","urlTemplate":"https:\/\/www.openiaso.com\/?s={search_term_string}"},"query-input":{"@type":"PropertyValueSpecification","valueRequired":true,"valueName":"search_term_string"}}],"inLanguage":"fr-FR"},{"@type":"Organization","@id":"https:\/\/www.openiaso.com\/#organization","name":"Open IASO","url":"https:\/\/www.openiaso.com\/","logo":{"@type":"ImageObject","inLanguage":"fr-FR","@id":"https:\/\/www.openiaso.com\/#\/schema\/logo\/image\/","url":"https:\/\/www.openiaso.com\/wp-content\/uploads\/2024\/08\/Logo-openiaso-picto.svg","contentUrl":"https:\/\/www.openiaso.com\/wp-content\/uploads\/2024\/08\/Logo-openiaso-picto.svg","width":75,"height":36,"caption":"Open IASO"},"image":{"@id":"https:\/\/www.openiaso.com\/#\/schema\/logo\/image\/"}}]}},"_links":{"self":[{"href":"https:\/\/www.openiaso.com\/fr\/wp-json\/wp\/v2\/pages\/2688","targetHints":{"allow":["GET"]}}],"collection":[{"href":"https:\/\/www.openiaso.com\/fr\/wp-json\/wp\/v2\/pages"}],"about":[{"href":"https:\/\/www.openiaso.com\/fr\/wp-json\/wp\/v2\/types\/page"}],"author":[{"embeddable":true,"href":"https:\/\/www.openiaso.com\/fr\/wp-json\/wp\/v2\/users\/10"}],"replies":[{"embeddable":true,"href":"https:\/\/www.openiaso.com\/fr\/wp-json\/wp\/v2\/comments?post=2688"}],"version-history":[{"count":1,"href":"https:\/\/www.openiaso.com\/fr\/wp-json\/wp\/v2\/pages\/2688\/revisions"}],"predecessor-version":[{"id":2689,"href":"https:\/\/www.openiaso.com\/fr\/wp-json\/wp\/v2\/pages\/2688\/revisions\/2689"}],"up":[{"embeddable":true,"href":"https:\/\/www.openiaso.com\/fr\/wp-json\/wp\/v2\/pages\/392"}],"wp:attachment":[{"href":"https:\/\/www.openiaso.com\/fr\/wp-json\/wp\/v2\/media?parent=2688"}],"curies":[{"name":"wp","href":"https:\/\/api.w.org\/{rel}","templated":true}]}}