{"id":990,"date":"2024-10-02T09:01:38","date_gmt":"2024-10-02T09:01:38","guid":{"rendered":"https:\/\/www.openiaso.com\/?page_id=990"},"modified":"2026-04-17T14:42:54","modified_gmt":"2026-04-17T14:42:54","slug":"connexion","status":"publish","type":"page","link":"https:\/\/www.openiaso.com\/fr\/connexion\/","title":{"rendered":"Connexion"},"content":{"rendered":"<h3>Sur le web<\/h3>\n<p><img decoding=\"async\" class=\"alignnone size-medium wp-image-2779 lazyload\" data-src=\"https:\/\/www.openiaso.com\/wp-content\/uploads\/2026\/04\/Screenshot-2026-04-17-164057-226x300.png\" alt=\"\" width=\"226\" height=\"300\" data-srcset=\"https:\/\/www.openiaso.com\/wp-content\/uploads\/2026\/04\/Screenshot-2026-04-17-164057-226x300.png 226w, https:\/\/www.openiaso.com\/wp-content\/uploads\/2026\/04\/Screenshot-2026-04-17-164057.png 536w\" data-sizes=\"(max-width: 226px) 100vw, 226px\" src=\"data:image\/svg+xml;base64,PHN2ZyB3aWR0aD0iMSIgaGVpZ2h0PSIxIiB4bWxucz0iaHR0cDovL3d3dy53My5vcmcvMjAwMC9zdmciPjwvc3ZnPg==\" style=\"--smush-placeholder-width: 226px; --smush-placeholder-aspect-ratio: 226\/300;\" \/><\/p>\n<h4>Compte de production<\/h4>\n<p>Si vous avez d\u00e9j\u00e0 un compte de production \u2b07\ufe0f<\/p>\n<p><a href=\"https:\/\/iaso.bluesquare.org\/login\/\" target=\"_blank\" rel=\"noopener\">https:\/\/iaso.bluesquare.org\/login\/<\/a><\/p>\n<p><strong>Compte SaaS<\/strong><\/p>\n<p><a href=\"https:\/\/app.openiaso.com\/login\/\">https:\/\/app.openiaso.com\/login\/<\/a> \u2b07\ufe0f<\/p>\n<h4>Compte de d\u00e9mo<\/h4>\n<p>Si vous avez un compte de d\u00e9mo \u2b07\ufe0f<\/p>\n<p><a href=\"https:\/\/iaso-staging.bluesquare.org\/login\/\" target=\"_blank\" rel=\"noopener\">https:\/\/demo.openiaso.com\/login\/<\/a><\/p>\n<p>&nbsp;<\/p>\n<p>&nbsp;<\/p>\n<p style=\"text-align: right;\"><em>Besoin d&#8217;aide sur le web? La documentation c&#8217;est par <a href=\"https:\/\/docs.openiaso.com\/en\/latest\/pages\/users\/reference\/iaso_web\/user_guide.html\" target=\"_blank\" rel=\"noopener\">ici.<\/a><\/em><\/p>\n<h3>Application mobile<\/h3>\n<p><img decoding=\"async\" class=\"wp-image-997 alignleft lazyload\" data-src=\"https:\/\/www.openiaso.com\/wp-content\/uploads\/2024\/10\/IASO-mobile-main-screen-FR-135x300.png\" alt=\"iaso mobile FR\" width=\"191\" height=\"424\" data-srcset=\"https:\/\/www.openiaso.com\/wp-content\/uploads\/2024\/10\/IASO-mobile-main-screen-FR-135x300.png 135w, https:\/\/www.openiaso.com\/wp-content\/uploads\/2024\/10\/IASO-mobile-main-screen-FR-461x1024.png 461w, https:\/\/www.openiaso.com\/wp-content\/uploads\/2024\/10\/IASO-mobile-main-screen-FR-768x1707.png 768w, https:\/\/www.openiaso.com\/wp-content\/uploads\/2024\/10\/IASO-mobile-main-screen-FR-691x1536.png 691w, https:\/\/www.openiaso.com\/wp-content\/uploads\/2024\/10\/IASO-mobile-main-screen-FR.png 864w\" data-sizes=\"(max-width: 191px) 100vw, 191px\" src=\"data:image\/svg+xml;base64,PHN2ZyB3aWR0aD0iMSIgaGVpZ2h0PSIxIiB4bWxucz0iaHR0cDovL3d3dy53My5vcmcvMjAwMC9zdmciPjwvc3ZnPg==\" style=\"--smush-placeholder-width: 191px; --smush-placeholder-aspect-ratio: 191\/424;\" \/><\/p>\n<h4>Application Android<\/h4>\n<p>T\u00e9l\u00e9chargez l&#8217;application IASO \ud83d\udcf1<\/p>\n<p><a href=\"https:\/\/play.google.com\/store\/apps\/details?id=com.bluesquarehub.iaso\" target=\"_blank\" rel=\"noopener\">Disponible sur le Google Play Store<\/a>.<\/p>\n<p><em>L&#8217;application mobile va s&#8217;installer dans la langue par d\u00e9faut du t\u00e9l\u00e9phone (FR ou EN)<\/em><\/p>\n<p>&nbsp;<\/p>\n<p>&nbsp;<\/p>\n<p>&nbsp;<\/p>\n<p>&nbsp;<\/p>\n<p>&nbsp;<\/p>\n<p>&nbsp;<\/p>\n<p>&nbsp;<\/p>\n<p style=\"text-align: right;\"><em>Besoin d&#8217;aide sur le mobile ? La documentation c&#8217;est par <a href=\"https:\/\/docs.openiaso.com\/en\/latest\/pages\/users\/reference\/iaso_mobile\/iaso_mobile.html\" target=\"_blank\" rel=\"noopener\">ici.<\/a><\/em><\/p>\n","protected":false},"excerpt":{"rendered":"<p>Sur le web Compte de production Si vous avez d\u00e9j\u00e0 un compte de production \u2b07\ufe0f https:\/\/iaso.bluesquare.org\/login\/ Compte SaaS https:\/\/app.openiaso.com\/login\/ \u2b07\ufe0f Compte de d\u00e9mo Si vous avez un compte de d\u00e9mo \u2b07\ufe0f https:\/\/demo.openiaso.com\/login\/ &nbsp; &nbsp; Besoin d&#8217;aide sur le web? La documentation c&#8217;est par ici. Application mobile Application Android T\u00e9l\u00e9chargez l&#8217;application IASO \ud83d\udcf1 Disponible sur le [&hellip;]<\/p>\n","protected":false},"author":3,"featured_media":0,"parent":0,"menu_order":0,"comment_status":"closed","ping_status":"closed","template":"","meta":{"_acf_changed":false,"footnotes":""},"class_list":["post-990","page","type-page","status-publish","hentry"],"acf":[],"yoast_head":"<!-- This site is optimized with the Yoast SEO plugin v27.1.1 - https:\/\/yoast.com\/product\/yoast-seo-wordpress\/ -->\n<title>Connexion - IASO<\/title>\n<meta name=\"description\" content=\"Connectez vous sur IASO web et t\u00e9l\u00e9chargez l&#039;application mobile IASO\" \/>\n<meta name=\"robots\" content=\"index, follow, max-snippet:-1, max-image-preview:large, max-video-preview:-1\" \/>\n<link rel=\"canonical\" href=\"https:\/\/www.openiaso.com\/fr\/connexion\/\" \/>\n<meta property=\"og:locale\" content=\"fr_FR\" \/>\n<meta property=\"og:type\" content=\"article\" \/>\n<meta property=\"og:title\" content=\"Connexion - IASO\" \/>\n<meta property=\"og:description\" content=\"Connectez vous sur IASO web et t\u00e9l\u00e9chargez l&#039;application mobile IASO\" \/>\n<meta property=\"og:url\" content=\"https:\/\/www.openiaso.com\/fr\/connexion\/\" \/>\n<meta property=\"og:site_name\" content=\"IASO\" \/>\n<meta property=\"article:modified_time\" content=\"2026-04-17T14:42:54+00:00\" \/>\n<meta property=\"og:image\" content=\"https:\/\/www.openiaso.com\/wp-content\/uploads\/2026\/04\/Screenshot-2026-04-17-164057.png\" \/>\n\t<meta property=\"og:image:width\" content=\"536\" \/>\n\t<meta property=\"og:image:height\" content=\"710\" \/>\n\t<meta property=\"og:image:type\" content=\"image\/png\" \/>\n<meta name=\"twitter:card\" content=\"summary_large_image\" \/>\n<meta name=\"twitter:label1\" content=\"Est. reading time\" \/>\n\t<meta name=\"twitter:data1\" content=\"1 minute\" \/>\n<script type=\"application\/ld+json\" class=\"yoast-schema-graph\">{\"@context\":\"https:\/\/schema.org\",\"@graph\":[{\"@type\":\"WebPage\",\"@id\":\"https:\/\/www.openiaso.com\/fr\/connexion\/\",\"url\":\"https:\/\/www.openiaso.com\/fr\/connexion\/\",\"name\":\"Connexion - IASO\",\"isPartOf\":{\"@id\":\"https:\/\/www.openiaso.com\/#website\"},\"primaryImageOfPage\":{\"@id\":\"https:\/\/www.openiaso.com\/fr\/connexion\/#primaryimage\"},\"image\":{\"@id\":\"https:\/\/www.openiaso.com\/fr\/connexion\/#primaryimage\"},\"thumbnailUrl\":\"https:\/\/www.openiaso.com\/wp-content\/uploads\/2026\/04\/Screenshot-2026-04-17-164057-226x300.png\",\"datePublished\":\"2024-10-02T09:01:38+00:00\",\"dateModified\":\"2026-04-17T14:42:54+00:00\",\"description\":\"Connectez vous sur IASO web et t\u00e9l\u00e9chargez l'application mobile IASO\",\"breadcrumb\":{\"@id\":\"https:\/\/www.openiaso.com\/fr\/connexion\/#breadcrumb\"},\"inLanguage\":\"fr-FR\",\"potentialAction\":[{\"@type\":\"ReadAction\",\"target\":[\"https:\/\/www.openiaso.com\/fr\/connexion\/\"]}]},{\"@type\":\"ImageObject\",\"inLanguage\":\"fr-FR\",\"@id\":\"https:\/\/www.openiaso.com\/fr\/connexion\/#primaryimage\",\"url\":\"https:\/\/www.openiaso.com\/wp-content\/uploads\/2026\/04\/Screenshot-2026-04-17-164057-226x300.png\",\"contentUrl\":\"https:\/\/www.openiaso.com\/wp-content\/uploads\/2026\/04\/Screenshot-2026-04-17-164057-226x300.png\"},{\"@type\":\"BreadcrumbList\",\"@id\":\"https:\/\/www.openiaso.com\/fr\/connexion\/#breadcrumb\",\"itemListElement\":[{\"@type\":\"ListItem\",\"position\":1,\"name\":\"Home\",\"item\":\"https:\/\/www.openiaso.com\/fr\/\"},{\"@type\":\"ListItem\",\"position\":2,\"name\":\"Connexion\"}]},{\"@type\":\"WebSite\",\"@id\":\"https:\/\/www.openiaso.com\/#website\",\"url\":\"https:\/\/www.openiaso.com\/\",\"name\":\"Open IASO\",\"description\":\"Geo-Powered Data Collection &amp; Microplanning\",\"publisher\":{\"@id\":\"https:\/\/www.openiaso.com\/#organization\"},\"potentialAction\":[{\"@type\":\"SearchAction\",\"target\":{\"@type\":\"EntryPoint\",\"urlTemplate\":\"https:\/\/www.openiaso.com\/?s={search_term_string}\"},\"query-input\":{\"@type\":\"PropertyValueSpecification\",\"valueRequired\":true,\"valueName\":\"search_term_string\"}}],\"inLanguage\":\"fr-FR\"},{\"@type\":\"Organization\",\"@id\":\"https:\/\/www.openiaso.com\/#organization\",\"name\":\"Open IASO\",\"url\":\"https:\/\/www.openiaso.com\/\",\"logo\":{\"@type\":\"ImageObject\",\"inLanguage\":\"fr-FR\",\"@id\":\"https:\/\/www.openiaso.com\/#\/schema\/logo\/image\/\",\"url\":\"https:\/\/www.openiaso.com\/wp-content\/uploads\/2024\/08\/Logo-openiaso-picto.svg\",\"contentUrl\":\"https:\/\/www.openiaso.com\/wp-content\/uploads\/2024\/08\/Logo-openiaso-picto.svg\",\"width\":75,\"height\":36,\"caption\":\"Open IASO\"},\"image\":{\"@id\":\"https:\/\/www.openiaso.com\/#\/schema\/logo\/image\/\"}}]}<\/script>\n<!-- \/ Yoast SEO plugin. -->","yoast_head_json":{"title":"Connexion - IASO","description":"Connectez vous sur IASO web et t\u00e9l\u00e9chargez l'application mobile IASO","robots":{"index":"index","follow":"follow","max-snippet":"max-snippet:-1","max-image-preview":"max-image-preview:large","max-video-preview":"max-video-preview:-1"},"canonical":"https:\/\/www.openiaso.com\/fr\/connexion\/","og_locale":"fr_FR","og_type":"article","og_title":"Connexion - IASO","og_description":"Connectez vous sur IASO web et t\u00e9l\u00e9chargez l'application mobile IASO","og_url":"https:\/\/www.openiaso.com\/fr\/connexion\/","og_site_name":"IASO","article_modified_time":"2026-04-17T14:42:54+00:00","og_image":[{"width":536,"height":710,"url":"https:\/\/www.openiaso.com\/wp-content\/uploads\/2026\/04\/Screenshot-2026-04-17-164057.png","type":"image\/png"}],"twitter_card":"summary_large_image","twitter_misc":{"Est. reading time":"1 minute"},"schema":{"@context":"https:\/\/schema.org","@graph":[{"@type":"WebPage","@id":"https:\/\/www.openiaso.com\/fr\/connexion\/","url":"https:\/\/www.openiaso.com\/fr\/connexion\/","name":"Connexion - IASO","isPartOf":{"@id":"https:\/\/www.openiaso.com\/#website"},"primaryImageOfPage":{"@id":"https:\/\/www.openiaso.com\/fr\/connexion\/#primaryimage"},"image":{"@id":"https:\/\/www.openiaso.com\/fr\/connexion\/#primaryimage"},"thumbnailUrl":"https:\/\/www.openiaso.com\/wp-content\/uploads\/2026\/04\/Screenshot-2026-04-17-164057-226x300.png","datePublished":"2024-10-02T09:01:38+00:00","dateModified":"2026-04-17T14:42:54+00:00","description":"Connectez vous sur IASO web et t\u00e9l\u00e9chargez l'application mobile IASO","breadcrumb":{"@id":"https:\/\/www.openiaso.com\/fr\/connexion\/#breadcrumb"},"inLanguage":"fr-FR","potentialAction":[{"@type":"ReadAction","target":["https:\/\/www.openiaso.com\/fr\/connexion\/"]}]},{"@type":"ImageObject","inLanguage":"fr-FR","@id":"https:\/\/www.openiaso.com\/fr\/connexion\/#primaryimage","url":"https:\/\/www.openiaso.com\/wp-content\/uploads\/2026\/04\/Screenshot-2026-04-17-164057-226x300.png","contentUrl":"https:\/\/www.openiaso.com\/wp-content\/uploads\/2026\/04\/Screenshot-2026-04-17-164057-226x300.png"},{"@type":"BreadcrumbList","@id":"https:\/\/www.openiaso.com\/fr\/connexion\/#breadcrumb","itemListElement":[{"@type":"ListItem","position":1,"name":"Home","item":"https:\/\/www.openiaso.com\/fr\/"},{"@type":"ListItem","position":2,"name":"Connexion"}]},{"@type":"WebSite","@id":"https:\/\/www.openiaso.com\/#website","url":"https:\/\/www.openiaso.com\/","name":"Open IASO","description":"Geo-Powered Data Collection &amp; Microplanning","publisher":{"@id":"https:\/\/www.openiaso.com\/#organization"},"potentialAction":[{"@type":"SearchAction","target":{"@type":"EntryPoint","urlTemplate":"https:\/\/www.openiaso.com\/?s={search_term_string}"},"query-input":{"@type":"PropertyValueSpecification","valueRequired":true,"valueName":"search_term_string"}}],"inLanguage":"fr-FR"},{"@type":"Organization","@id":"https:\/\/www.openiaso.com\/#organization","name":"Open IASO","url":"https:\/\/www.openiaso.com\/","logo":{"@type":"ImageObject","inLanguage":"fr-FR","@id":"https:\/\/www.openiaso.com\/#\/schema\/logo\/image\/","url":"https:\/\/www.openiaso.com\/wp-content\/uploads\/2024\/08\/Logo-openiaso-picto.svg","contentUrl":"https:\/\/www.openiaso.com\/wp-content\/uploads\/2024\/08\/Logo-openiaso-picto.svg","width":75,"height":36,"caption":"Open IASO"},"image":{"@id":"https:\/\/www.openiaso.com\/#\/schema\/logo\/image\/"}}]}},"_links":{"self":[{"href":"https:\/\/www.openiaso.com\/fr\/wp-json\/wp\/v2\/pages\/990","targetHints":{"allow":["GET"]}}],"collection":[{"href":"https:\/\/www.openiaso.com\/fr\/wp-json\/wp\/v2\/pages"}],"about":[{"href":"https:\/\/www.openiaso.com\/fr\/wp-json\/wp\/v2\/types\/page"}],"author":[{"embeddable":true,"href":"https:\/\/www.openiaso.com\/fr\/wp-json\/wp\/v2\/users\/3"}],"replies":[{"embeddable":true,"href":"https:\/\/www.openiaso.com\/fr\/wp-json\/wp\/v2\/comments?post=990"}],"version-history":[{"count":9,"href":"https:\/\/www.openiaso.com\/fr\/wp-json\/wp\/v2\/pages\/990\/revisions"}],"predecessor-version":[{"id":2782,"href":"https:\/\/www.openiaso.com\/fr\/wp-json\/wp\/v2\/pages\/990\/revisions\/2782"}],"wp:attachment":[{"href":"https:\/\/www.openiaso.com\/fr\/wp-json\/wp\/v2\/media?parent=990"}],"curies":[{"name":"wp","href":"https:\/\/api.w.org\/{rel}","templated":true}]}}